{"id":856,"date":"2020-01-09T21:56:07","date_gmt":"2020-01-09T21:56:07","guid":{"rendered":"http:\/\/residenciapuertanueva.com\/?page_id=856"},"modified":"2020-01-09T21:56:50","modified_gmt":"2020-01-09T21:56:50","slug":"payment","status":"publish","type":"page","link":"https:\/\/residenciapuertanueva.com\/en\/payment\/","title":{"rendered":"Payment"},"content":{"rendered":"\n<img fetchpriority=\"high\" decoding=\"async\" src=\"http:\/\/residenciapuertanueva.com\/wp-content\/uploads\/2018\/02\/logo-iso-abajo.jpg\" alt=\"logo-iso-abajo\" itemprop=\"image\" height=\"462\" width=\"319\">\n\t\t\t\t<img decoding=\"async\" src=\"http:\/\/residenciapuertanueva.com\/wp-content\/uploads\/2018\/02\/habitacion.jpg\" alt=\"habitacion\" itemprop=\"image\" height=\"485\" width=\"482\">\n\t\t\t\t<img decoding=\"async\" src=\"http:\/\/residenciapuertanueva.com\/wp-content\/uploads\/2018\/04\/puertanueva-aboutus.png\" alt=\"puertanueva-aboutus\" itemprop=\"image\" height=\"145\" width=\"600\">\n\t<p>An excellent place for communal living that provides all the facilities and services you need to get the most out of your undergraduate or postgraduate studies.<\/p>\n<p><strong>A wide variety of academic, cultural, professional, social and sporting activities<\/strong> that will complement your education and enrich you as a person.<\/p>\n\t\t\t\t<img loading=\"lazy\" decoding=\"async\" src=\"http:\/\/residenciapuertanueva.com\/wp-content\/uploads\/2018\/02\/instalaciones-servicios.png\" alt=\"instalaciones-servicios\" itemprop=\"image\" height=\"200\" width=\"200\">\n\t<h3>\n\t\t\t\tFacilities and Services\n\t\t\t<\/h3>\n\t\tWith our facilities you will enjoy an exciting, first-rate experience.&nbsp;&nbsp;\t\n\t\t\t<a href=\"http:\/\/residenciapuertanueva.com\/instalaciones-y-servicios\/\" target=\"_self\" role=\"button\" rel=\"noopener noreferrer\">\n\t\t\t\t\t\t\tSee More\n\t\t<\/a>\n\t\t\t\t<img loading=\"lazy\" decoding=\"async\" src=\"http:\/\/residenciapuertanueva.com\/wp-content\/uploads\/2018\/02\/actividades.png\" alt=\"actividades\" itemprop=\"image\" height=\"200\" width=\"200\">\n\t<h3>\n\t\t\t\tActivities\n\t\t\t<\/h3>\n\t\t<p>It is important to round off your interpersonal, academic and professional studies with activities that will enrich you as a person.<\/p>\t\n\t\t\t<a href=\"http:\/\/residenciapuertanueva.com\/actividades\/\" target=\"_self\" role=\"button\" rel=\"noopener noreferrer\">\n\t\t\t\t\t\t\tSee More\n\t\t<\/a>\n\t\t\t\t<img loading=\"lazy\" decoding=\"async\" src=\"http:\/\/residenciapuertanueva.com\/wp-content\/uploads\/2018\/02\/admision.png\" alt=\"admision\" itemprop=\"image\" height=\"200\" width=\"200\">\n\t<h3>\n\t\t\t\tAdmissions\n\t\t\t<\/h3>\n\t\t<p>We meet your needs, as you can choose to stay for the academic year or a shorter time.&nbsp;<\/p>\t\n\t\t\t<a href=\"http:\/\/residenciapuertanueva.com\/admision-curso-academico\/\" target=\"_self\" role=\"button\" rel=\"noopener noreferrer\">\n\t\t\t\t\t\t\tSee More\n\t\t<\/a>\n\t\t\t\t<img loading=\"lazy\" decoding=\"async\" src=\"http:\/\/residenciapuertanueva.com\/wp-content\/uploads\/2018\/04\/unapuertaabierta-en.png\" alt=\"unapuertaabierta-en\" itemprop=\"image\" height=\"131\" width=\"519\">\n\t<p>Designed for Spanish, international and Erasmus students who not only need a place to live but also want to be part of a project in which communal living fosters personal, academic and professional excellence.<\/p>\n\t<h3>\n\t\t\t\tWe know very well that\n\t\t\t<\/h3>\n\t\t\t<a href=\"mailto:info@residenciapuertanueva.com\" target=\"_self\" role=\"button\" rel=\"noopener noreferrer\">\n\t\t\t\t\t\t\tContact Us\n\t\t<\/a>\n\t\t\t<iframe width=\"760\" height=\"415\" src=\"https:\/\/www.youtube.com\/embed\/Us3hTNxtQ18\" frameborder=\"0\" allow=\"autoplay; encrypted-media\" allowfullscreen=\"\"><\/iframe>\n\t\t\t<!--<button>Close me!<\/button>-->\n\t\t<img decoding=\"async\" src=\"http:\/\/residenciapuertanueva.com\/wp-content\/uploads\/2018\/02\/video_puertanueva.jpg\">\n\t\t\t\t<img decoding=\"async\" src=\"http:\/\/residenciapuertanueva.com\/wp-content\/uploads\/2018\/02\/icon_section.png\" alt=\"icon_section\" itemprop=\"image\">\n\t\t\t<h3><\/h3>\t\t\t\n\t\t\t\t<p>In the historic centre of the city. Only 50 metres from the University of Cordoba Faculty of Law and Business and Economic Sciences. Within easy reach of the Rabanales University Campus and other faculties.<\/p>\n<p>&nbsp;<\/p>\n","protected":false},"excerpt":{"rendered":"","protected":false},"author":2,"featured_media":0,"parent":0,"menu_order":10,"comment_status":"closed","ping_status":"closed","template":"pago.php","meta":{"footnotes":""},"class_list":["post-856","page","type-page","status-publish","hentry","floatton-article"],"yoast_head":"<!-- This site is optimized with the Yoast SEO plugin v27.3 - https:\/\/yoast.com\/product\/yoast-seo-wordpress\/ -->\n<title>Payment - Puertanueva<\/title>\n<meta name=\"robots\" content=\"index, follow, max-snippet:-1, max-image-preview:large, max-video-preview:-1\" \/>\n<link rel=\"canonical\" href=\"https:\/\/residenciapuertanueva.com\/en\/payment\/\" \/>\n<meta property=\"og:locale\" content=\"en_US\" \/>\n<meta property=\"og:type\" content=\"article\" \/>\n<meta property=\"og:title\" content=\"Payment - Puertanueva\" \/>\n<meta property=\"og:url\" content=\"https:\/\/residenciapuertanueva.com\/en\/payment\/\" \/>\n<meta property=\"og:site_name\" content=\"Puertanueva\" \/>\n<meta property=\"article:publisher\" content=\"https:\/\/www.facebook.com\/ResidenciaUniversitariaPuertaNueva\" \/>\n<meta property=\"article:modified_time\" content=\"2020-01-09T21:56:50+00:00\" \/>\n<meta property=\"og:image\" content=\"http:\/\/residenciapuertanueva.com\/wp-content\/uploads\/2018\/02\/logo-iso-abajo.jpg\" \/>\n<meta name=\"twitter:card\" content=\"summary_large_image\" \/>\n<meta name=\"twitter:label1\" content=\"Est. reading time\" \/>\n\t<meta name=\"twitter:data1\" content=\"1 minute\" \/>\n<script type=\"application\/ld+json\" class=\"yoast-schema-graph\">{\"@context\":\"https:\\\/\\\/schema.org\",\"@graph\":[{\"@type\":\"WebPage\",\"@id\":\"https:\\\/\\\/residenciapuertanueva.com\\\/en\\\/payment\\\/\",\"url\":\"https:\\\/\\\/residenciapuertanueva.com\\\/en\\\/payment\\\/\",\"name\":\"Payment - Puertanueva\",\"isPartOf\":{\"@id\":\"https:\\\/\\\/residenciapuertanueva.com\\\/#website\"},\"primaryImageOfPage\":{\"@id\":\"https:\\\/\\\/residenciapuertanueva.com\\\/en\\\/payment\\\/#primaryimage\"},\"image\":{\"@id\":\"https:\\\/\\\/residenciapuertanueva.com\\\/en\\\/payment\\\/#primaryimage\"},\"thumbnailUrl\":\"http:\\\/\\\/residenciapuertanueva.com\\\/wp-content\\\/uploads\\\/2018\\\/02\\\/logo-iso-abajo.jpg\",\"datePublished\":\"2020-01-09T21:56:07+00:00\",\"dateModified\":\"2020-01-09T21:56:50+00:00\",\"breadcrumb\":{\"@id\":\"https:\\\/\\\/residenciapuertanueva.com\\\/en\\\/payment\\\/#breadcrumb\"},\"inLanguage\":\"en-US\",\"potentialAction\":[{\"@type\":\"ReadAction\",\"target\":[\"https:\\\/\\\/residenciapuertanueva.com\\\/en\\\/payment\\\/\"]}]},{\"@type\":\"ImageObject\",\"inLanguage\":\"en-US\",\"@id\":\"https:\\\/\\\/residenciapuertanueva.com\\\/en\\\/payment\\\/#primaryimage\",\"url\":\"http:\\\/\\\/residenciapuertanueva.com\\\/wp-content\\\/uploads\\\/2018\\\/02\\\/logo-iso-abajo.jpg\",\"contentUrl\":\"http:\\\/\\\/residenciapuertanueva.com\\\/wp-content\\\/uploads\\\/2018\\\/02\\\/logo-iso-abajo.jpg\"},{\"@type\":\"BreadcrumbList\",\"@id\":\"https:\\\/\\\/residenciapuertanueva.com\\\/en\\\/payment\\\/#breadcrumb\",\"itemListElement\":[{\"@type\":\"ListItem\",\"position\":1,\"name\":\"Portada\",\"item\":\"https:\\\/\\\/residenciapuertanueva.com\\\/\"},{\"@type\":\"ListItem\",\"position\":2,\"name\":\"Payment\"}]},{\"@type\":\"WebSite\",\"@id\":\"https:\\\/\\\/residenciapuertanueva.com\\\/#website\",\"url\":\"https:\\\/\\\/residenciapuertanueva.com\\\/\",\"name\":\"Puertanueva Residencia Universitaria C\u00f3rdoba\",\"description\":\"Residencia Universitaria en C\u00f3rdoba. La residencia de estudiantes en C\u00f3rdoba por exelencia. Tu pr\u00f3ximo hogar de estudio en C\u00f3rdoba.\",\"publisher\":{\"@id\":\"https:\\\/\\\/residenciapuertanueva.com\\\/#organization\"},\"alternateName\":\"Residencia estudiantes C\u00f3rdoba Puertanueva\",\"potentialAction\":[{\"@type\":\"SearchAction\",\"target\":{\"@type\":\"EntryPoint\",\"urlTemplate\":\"https:\\\/\\\/residenciapuertanueva.com\\\/?s={search_term_string}\"},\"query-input\":{\"@type\":\"PropertyValueSpecification\",\"valueRequired\":true,\"valueName\":\"search_term_string\"}}],\"inLanguage\":\"en-US\"},{\"@type\":\"Organization\",\"@id\":\"https:\\\/\\\/residenciapuertanueva.com\\\/#organization\",\"name\":\"Puertanueva Residencia Universitaria C\u00f3rdoba\",\"url\":\"https:\\\/\\\/residenciapuertanueva.com\\\/\",\"logo\":{\"@type\":\"ImageObject\",\"inLanguage\":\"en-US\",\"@id\":\"https:\\\/\\\/residenciapuertanueva.com\\\/#\\\/schema\\\/logo\\\/image\\\/\",\"url\":\"https:\\\/\\\/residenciapuertanueva.com\\\/wp-content\\\/uploads\\\/2023\\\/07\\\/2023-07-20-a-las-1.23.01.png\",\"contentUrl\":\"https:\\\/\\\/residenciapuertanueva.com\\\/wp-content\\\/uploads\\\/2023\\\/07\\\/2023-07-20-a-las-1.23.01.png\",\"width\":311,\"height\":93,\"caption\":\"Puertanueva Residencia Universitaria C\u00f3rdoba\"},\"image\":{\"@id\":\"https:\\\/\\\/residenciapuertanueva.com\\\/#\\\/schema\\\/logo\\\/image\\\/\"},\"sameAs\":[\"https:\\\/\\\/www.facebook.com\\\/ResidenciaUniversitariaPuertaNueva\",\"https:\\\/\\\/www.instagram.com\\\/residenciapuertanueva\\\/\",\"https:\\\/\\\/youtube.com\\\/@PuertanuevaResidencia\",\"https:\\\/\\\/www.linkedin.com\\\/company\\\/residencia-universitaria-puertanueva\\\/\"]}]}<\/script>\n<!-- \/ Yoast SEO plugin. -->","yoast_head_json":{"title":"Payment - Puertanueva","robots":{"index":"index","follow":"follow","max-snippet":"max-snippet:-1","max-image-preview":"max-image-preview:large","max-video-preview":"max-video-preview:-1"},"canonical":"https:\/\/residenciapuertanueva.com\/en\/payment\/","og_locale":"en_US","og_type":"article","og_title":"Payment - Puertanueva","og_url":"https:\/\/residenciapuertanueva.com\/en\/payment\/","og_site_name":"Puertanueva","article_publisher":"https:\/\/www.facebook.com\/ResidenciaUniversitariaPuertaNueva","article_modified_time":"2020-01-09T21:56:50+00:00","og_image":[{"url":"http:\/\/residenciapuertanueva.com\/wp-content\/uploads\/2018\/02\/logo-iso-abajo.jpg","type":"","width":"","height":""}],"twitter_card":"summary_large_image","twitter_misc":{"Est. reading time":"1 minute"},"schema":{"@context":"https:\/\/schema.org","@graph":[{"@type":"WebPage","@id":"https:\/\/residenciapuertanueva.com\/en\/payment\/","url":"https:\/\/residenciapuertanueva.com\/en\/payment\/","name":"Payment - Puertanueva","isPartOf":{"@id":"https:\/\/residenciapuertanueva.com\/#website"},"primaryImageOfPage":{"@id":"https:\/\/residenciapuertanueva.com\/en\/payment\/#primaryimage"},"image":{"@id":"https:\/\/residenciapuertanueva.com\/en\/payment\/#primaryimage"},"thumbnailUrl":"http:\/\/residenciapuertanueva.com\/wp-content\/uploads\/2018\/02\/logo-iso-abajo.jpg","datePublished":"2020-01-09T21:56:07+00:00","dateModified":"2020-01-09T21:56:50+00:00","breadcrumb":{"@id":"https:\/\/residenciapuertanueva.com\/en\/payment\/#breadcrumb"},"inLanguage":"en-US","potentialAction":[{"@type":"ReadAction","target":["https:\/\/residenciapuertanueva.com\/en\/payment\/"]}]},{"@type":"ImageObject","inLanguage":"en-US","@id":"https:\/\/residenciapuertanueva.com\/en\/payment\/#primaryimage","url":"http:\/\/residenciapuertanueva.com\/wp-content\/uploads\/2018\/02\/logo-iso-abajo.jpg","contentUrl":"http:\/\/residenciapuertanueva.com\/wp-content\/uploads\/2018\/02\/logo-iso-abajo.jpg"},{"@type":"BreadcrumbList","@id":"https:\/\/residenciapuertanueva.com\/en\/payment\/#breadcrumb","itemListElement":[{"@type":"ListItem","position":1,"name":"Portada","item":"https:\/\/residenciapuertanueva.com\/"},{"@type":"ListItem","position":2,"name":"Payment"}]},{"@type":"WebSite","@id":"https:\/\/residenciapuertanueva.com\/#website","url":"https:\/\/residenciapuertanueva.com\/","name":"Puertanueva Residencia Universitaria C\u00f3rdoba","description":"Residencia Universitaria en C\u00f3rdoba. La residencia de estudiantes en C\u00f3rdoba por exelencia. Tu pr\u00f3ximo hogar de estudio en C\u00f3rdoba.","publisher":{"@id":"https:\/\/residenciapuertanueva.com\/#organization"},"alternateName":"Residencia estudiantes C\u00f3rdoba Puertanueva","potentialAction":[{"@type":"SearchAction","target":{"@type":"EntryPoint","urlTemplate":"https:\/\/residenciapuertanueva.com\/?s={search_term_string}"},"query-input":{"@type":"PropertyValueSpecification","valueRequired":true,"valueName":"search_term_string"}}],"inLanguage":"en-US"},{"@type":"Organization","@id":"https:\/\/residenciapuertanueva.com\/#organization","name":"Puertanueva Residencia Universitaria C\u00f3rdoba","url":"https:\/\/residenciapuertanueva.com\/","logo":{"@type":"ImageObject","inLanguage":"en-US","@id":"https:\/\/residenciapuertanueva.com\/#\/schema\/logo\/image\/","url":"https:\/\/residenciapuertanueva.com\/wp-content\/uploads\/2023\/07\/2023-07-20-a-las-1.23.01.png","contentUrl":"https:\/\/residenciapuertanueva.com\/wp-content\/uploads\/2023\/07\/2023-07-20-a-las-1.23.01.png","width":311,"height":93,"caption":"Puertanueva Residencia Universitaria C\u00f3rdoba"},"image":{"@id":"https:\/\/residenciapuertanueva.com\/#\/schema\/logo\/image\/"},"sameAs":["https:\/\/www.facebook.com\/ResidenciaUniversitariaPuertaNueva","https:\/\/www.instagram.com\/residenciapuertanueva\/","https:\/\/youtube.com\/@PuertanuevaResidencia","https:\/\/www.linkedin.com\/company\/residencia-universitaria-puertanueva\/"]}]}},"_links":{"self":[{"href":"https:\/\/residenciapuertanueva.com\/en\/wp-json\/wp\/v2\/pages\/856","targetHints":{"allow":["GET"]}}],"collection":[{"href":"https:\/\/residenciapuertanueva.com\/en\/wp-json\/wp\/v2\/pages"}],"about":[{"href":"https:\/\/residenciapuertanueva.com\/en\/wp-json\/wp\/v2\/types\/page"}],"author":[{"embeddable":true,"href":"https:\/\/residenciapuertanueva.com\/en\/wp-json\/wp\/v2\/users\/2"}],"replies":[{"embeddable":true,"href":"https:\/\/residenciapuertanueva.com\/en\/wp-json\/wp\/v2\/comments?post=856"}],"version-history":[{"count":2,"href":"https:\/\/residenciapuertanueva.com\/en\/wp-json\/wp\/v2\/pages\/856\/revisions"}],"predecessor-version":[{"id":1144,"href":"https:\/\/residenciapuertanueva.com\/en\/wp-json\/wp\/v2\/pages\/856\/revisions\/1144"}],"wp:attachment":[{"href":"https:\/\/residenciapuertanueva.com\/en\/wp-json\/wp\/v2\/media?parent=856"}],"curies":[{"name":"wp","href":"https:\/\/api.w.org\/{rel}","templated":true}]}}