{"id":599,"date":"2018-03-08T10:08:47","date_gmt":"2018-03-08T10:08:47","guid":{"rendered":"http:\/\/residenciapuertanueva.com\/formulario-admision-estancia-menor\/"},"modified":"2023-09-27T23:33:51","modified_gmt":"2023-09-27T21:33:51","slug":"application-form-short-stays-residents","status":"publish","type":"page","link":"https:\/\/residenciapuertanueva.com\/en\/application-form-short-stays-residents\/","title":{"rendered":"Application Form  Short-Stays Residents"},"content":{"rendered":"\t\t<div data-elementor-type=\"wp-page\" data-elementor-id=\"599\" class=\"elementor elementor-599 elementor-318\" data-elementor-post-type=\"page\">\n\t\t\t\t\t\t<section class=\"elementor-section elementor-top-section elementor-element elementor-element-0492537 elementor-section-boxed elementor-section-height-default elementor-section-height-default\" data-id=\"0492537\" data-element_type=\"section\" data-e-type=\"section\" data-settings=\"{&quot;background_background&quot;:&quot;classic&quot;}\">\n\t\t\t\t\t\t<div class=\"elementor-container elementor-column-gap-default\">\n\t\t\t\t\t<div class=\"elementor-column elementor-col-100 elementor-top-column elementor-element elementor-element-9a15872\" data-id=\"9a15872\" data-element_type=\"column\" data-e-type=\"column\">\n\t\t\t<div class=\"elementor-widget-wrap elementor-element-populated\">\n\t\t\t\t\t\t<div class=\"elementor-element elementor-element-b27a0dc elementor-widget elementor-widget-spacer\" data-id=\"b27a0dc\" data-element_type=\"widget\" data-e-type=\"widget\" data-widget_type=\"spacer.default\">\n\t\t\t\t<div class=\"elementor-widget-container\">\n\t\t\t\t\t\t\t<div class=\"elementor-spacer\">\n\t\t\t<div class=\"elementor-spacer-inner\"><\/div>\n\t\t<\/div>\n\t\t\t\t\t\t<\/div>\n\t\t\t\t<\/div>\n\t\t\t\t\t<\/div>\n\t\t<\/div>\n\t\t\t\t\t<\/div>\n\t\t<\/section>\n\t\t\t\t<section class=\"elementor-section elementor-top-section elementor-element elementor-element-5b5d69d elementor-section-boxed elementor-section-height-default elementor-section-height-default\" data-id=\"5b5d69d\" data-element_type=\"section\" data-e-type=\"section\" data-settings=\"{&quot;background_background&quot;:&quot;classic&quot;}\">\n\t\t\t\t\t\t<div class=\"elementor-container elementor-column-gap-no\">\n\t\t\t\t\t<div class=\"elementor-column elementor-col-50 elementor-top-column elementor-element elementor-element-c68e372\" data-id=\"c68e372\" data-element_type=\"column\" data-e-type=\"column\" data-settings=\"{&quot;background_background&quot;:&quot;classic&quot;}\">\n\t\t\t<div class=\"elementor-widget-wrap elementor-element-populated\">\n\t\t\t\t\t\t<div class=\"elementor-element elementor-element-87cda94 elementor-widget elementor-widget-heading\" data-id=\"87cda94\" data-element_type=\"widget\" data-e-type=\"widget\" data-widget_type=\"heading.default\">\n\t\t\t\t<div class=\"elementor-widget-container\">\n\t\t\t\t\t<h2 class=\"elementor-heading-title elementor-size-default\"> Short-stay Application form <\/h2>\t\t\t\t<\/div>\n\t\t\t\t<\/div>\n\t\t\t\t<div class=\"elementor-element elementor-element-335d92f elementor-widget elementor-widget-text-editor\" data-id=\"335d92f\" data-element_type=\"widget\" data-e-type=\"widget\" data-widget_type=\"text-editor.default\">\n\t\t\t\t<div class=\"elementor-widget-container\">\n\t\t\t\t\t\t\t\t\t<div class=\"fl-module fl-module-rich-text fl-node-5a9456e5401b8 blanco2\" data-node=\"5a9456e5401b8\"><div class=\"fl-module-content fl-node-content\"><div class=\"fl-rich-text\"><div class=\"fl-module fl-module-rich-text fl-node-5a968e9caba4b negro2\" data-node=\"5a968e9caba4b\"><div class=\"fl-module-content fl-node-content\"><div class=\"fl-rich-text\"><div class=\"fl-module fl-module-rich-text fl-node-5a9e827a91172 negro2\" data-node=\"5a9e827a91172\"><div class=\"fl-module-content fl-node-content\"><div class=\"fl-rich-text\"><p>Fill out your application for admission to the Puerta Nueva\u00a0 and we will contact you.<\/p><\/div><\/div><\/div><\/div><\/div><\/div><\/div><\/div><\/div>\t\t\t\t\t\t\t\t<\/div>\n\t\t\t\t<\/div>\n\t\t\t\t\t<\/div>\n\t\t<\/div>\n\t\t\t\t<div class=\"elementor-column elementor-col-50 elementor-top-column elementor-element elementor-element-4d5ab02\" data-id=\"4d5ab02\" data-element_type=\"column\" data-e-type=\"column\" data-settings=\"{&quot;background_background&quot;:&quot;classic&quot;}\">\n\t\t\t<div class=\"elementor-widget-wrap elementor-element-populated\">\n\t\t\t\t\t\t<div class=\"elementor-element elementor-element-a4319da elementor-widget__width-initial elementor-widget elementor-widget-spacer\" data-id=\"a4319da\" data-element_type=\"widget\" data-e-type=\"widget\" data-widget_type=\"spacer.default\">\n\t\t\t\t<div class=\"elementor-widget-container\">\n\t\t\t\t\t\t\t<div class=\"elementor-spacer\">\n\t\t\t<div class=\"elementor-spacer-inner\"><\/div>\n\t\t<\/div>\n\t\t\t\t\t\t<\/div>\n\t\t\t\t<\/div>\n\t\t\t\t\t<\/div>\n\t\t<\/div>\n\t\t\t\t\t<\/div>\n\t\t<\/section>\n\t\t\t\t<section class=\"elementor-section elementor-top-section elementor-element elementor-element-7fca5d0b elementor-section-boxed elementor-section-height-default elementor-section-height-default\" data-id=\"7fca5d0b\" data-element_type=\"section\" data-e-type=\"section\">\n\t\t\t\t\t\t<div class=\"elementor-container elementor-column-gap-default\">\n\t\t\t\t\t<div class=\"elementor-column elementor-col-100 elementor-top-column elementor-element elementor-element-70b0ee6\" data-id=\"70b0ee6\" data-element_type=\"column\" data-e-type=\"column\">\n\t\t\t<div class=\"elementor-widget-wrap elementor-element-populated\">\n\t\t\t\t\t\t<div class=\"elementor-element elementor-element-1bfe7304 elementor-widget elementor-widget-shortcode\" data-id=\"1bfe7304\" data-element_type=\"widget\" data-e-type=\"widget\" data-widget_type=\"shortcode.default\">\n\t\t\t\t<div class=\"elementor-widget-container\">\n\t\t\t\t\t\t\t<div class=\"elementor-shortcode\"><p class=\"wpcf7-contact-form-not-found\"><strong>Error:<\/strong> Contact form not found.<\/p><\/div>\n\t\t\t\t\t\t<\/div>\n\t\t\t\t<\/div>\n\t\t\t\t\t<\/div>\n\t\t<\/div>\n\t\t\t\t\t<\/div>\n\t\t<\/section>\n\t\t\t\t<\/div>\n\t\t","protected":false},"excerpt":{"rendered":"<p>Short-stay Application form Fill out your application for admission to the Puerta Nueva\u00a0 and we will contact you.<\/p>\n","protected":false},"author":1,"featured_media":0,"parent":0,"menu_order":10,"comment_status":"closed","ping_status":"closed","template":"","meta":{"footnotes":""},"class_list":["post-599","page","type-page","status-publish","hentry","floatton-article"],"yoast_head":"<!-- This site is optimized with the Yoast SEO plugin v27.4 - https:\/\/yoast.com\/product\/yoast-seo-wordpress\/ -->\n<title>Application Form Short-Stays Residents - Puertanueva<\/title>\n<meta name=\"robots\" content=\"index, follow, max-snippet:-1, max-image-preview:large, max-video-preview:-1\" \/>\n<link rel=\"canonical\" href=\"https:\/\/residenciapuertanueva.com\/formulario-admision-estancia-menor\/\" \/>\n<meta property=\"og:locale\" content=\"en_US\" \/>\n<meta property=\"og:type\" content=\"article\" \/>\n<meta property=\"og:title\" content=\"Application Form Short-Stays Residents - Puertanueva\" \/>\n<meta property=\"og:description\" content=\"Short-stay Application form Fill out your application for admission to the Puerta Nueva\u00a0 and we will contact you.\" \/>\n<meta property=\"og:url\" content=\"https:\/\/residenciapuertanueva.com\/formulario-admision-estancia-menor\/\" \/>\n<meta property=\"og:site_name\" content=\"Puertanueva\" \/>\n<meta property=\"article:publisher\" content=\"https:\/\/www.facebook.com\/ResidenciaUniversitariaPuertaNueva\" \/>\n<meta property=\"article:modified_time\" content=\"2023-09-27T21:33:51+00:00\" \/>\n<meta property=\"og:image\" content=\"https:\/\/residenciapuertanueva.com\/wp-content\/uploads\/2021\/01\/f83f34c8-5fbf-4b39-99d6-30ec9fd4ca385722-e1611419662132.jpg\" \/>\n\t<meta property=\"og:image:width\" content=\"850\" \/>\n\t<meta property=\"og:image:height\" content=\"633\" \/>\n\t<meta property=\"og:image:type\" content=\"image\/jpeg\" \/>\n<meta name=\"twitter:card\" content=\"summary_large_image\" \/>\n<meta name=\"twitter:label1\" content=\"Est. reading time\" \/>\n\t<meta name=\"twitter:data1\" content=\"1 minute\" \/>\n<script type=\"application\/ld+json\" class=\"yoast-schema-graph\">{\"@context\":\"https:\\\/\\\/schema.org\",\"@graph\":[{\"@type\":\"WebPage\",\"@id\":\"https:\\\/\\\/residenciapuertanueva.com\\\/formulario-admision-estancia-menor\\\/\",\"url\":\"https:\\\/\\\/residenciapuertanueva.com\\\/formulario-admision-estancia-menor\\\/\",\"name\":\"Application Form Short-Stays Residents - Puertanueva\",\"isPartOf\":{\"@id\":\"https:\\\/\\\/residenciapuertanueva.com\\\/#website\"},\"datePublished\":\"2018-03-08T10:08:47+00:00\",\"dateModified\":\"2023-09-27T21:33:51+00:00\",\"breadcrumb\":{\"@id\":\"https:\\\/\\\/residenciapuertanueva.com\\\/formulario-admision-estancia-menor\\\/#breadcrumb\"},\"inLanguage\":\"en-US\",\"potentialAction\":[{\"@type\":\"ReadAction\",\"target\":[\"https:\\\/\\\/residenciapuertanueva.com\\\/formulario-admision-estancia-menor\\\/\"]}]},{\"@type\":\"BreadcrumbList\",\"@id\":\"https:\\\/\\\/residenciapuertanueva.com\\\/formulario-admision-estancia-menor\\\/#breadcrumb\",\"itemListElement\":[{\"@type\":\"ListItem\",\"position\":1,\"name\":\"Portada\",\"item\":\"https:\\\/\\\/residenciapuertanueva.com\\\/\"},{\"@type\":\"ListItem\",\"position\":2,\"name\":\"Application Form Short-Stays Residents\"}]},{\"@type\":\"WebSite\",\"@id\":\"https:\\\/\\\/residenciapuertanueva.com\\\/#website\",\"url\":\"https:\\\/\\\/residenciapuertanueva.com\\\/\",\"name\":\"Puertanueva Residencia Universitaria C\u00f3rdoba\",\"description\":\"Residencia Universitaria en C\u00f3rdoba. La residencia de estudiantes en C\u00f3rdoba por exelencia. Tu pr\u00f3ximo hogar de estudio en C\u00f3rdoba.\",\"publisher\":{\"@id\":\"https:\\\/\\\/residenciapuertanueva.com\\\/#organization\"},\"alternateName\":\"Residencia estudiantes C\u00f3rdoba Puertanueva\",\"potentialAction\":[{\"@type\":\"SearchAction\",\"target\":{\"@type\":\"EntryPoint\",\"urlTemplate\":\"https:\\\/\\\/residenciapuertanueva.com\\\/?s={search_term_string}\"},\"query-input\":{\"@type\":\"PropertyValueSpecification\",\"valueRequired\":true,\"valueName\":\"search_term_string\"}}],\"inLanguage\":\"en-US\"},{\"@type\":\"Organization\",\"@id\":\"https:\\\/\\\/residenciapuertanueva.com\\\/#organization\",\"name\":\"Puertanueva Residencia Universitaria C\u00f3rdoba\",\"url\":\"https:\\\/\\\/residenciapuertanueva.com\\\/\",\"logo\":{\"@type\":\"ImageObject\",\"inLanguage\":\"en-US\",\"@id\":\"https:\\\/\\\/residenciapuertanueva.com\\\/#\\\/schema\\\/logo\\\/image\\\/\",\"url\":\"https:\\\/\\\/residenciapuertanueva.com\\\/wp-content\\\/uploads\\\/2023\\\/07\\\/2023-07-20-a-las-1.23.01.png\",\"contentUrl\":\"https:\\\/\\\/residenciapuertanueva.com\\\/wp-content\\\/uploads\\\/2023\\\/07\\\/2023-07-20-a-las-1.23.01.png\",\"width\":311,\"height\":93,\"caption\":\"Puertanueva Residencia Universitaria C\u00f3rdoba\"},\"image\":{\"@id\":\"https:\\\/\\\/residenciapuertanueva.com\\\/#\\\/schema\\\/logo\\\/image\\\/\"},\"sameAs\":[\"https:\\\/\\\/www.facebook.com\\\/ResidenciaUniversitariaPuertaNueva\",\"https:\\\/\\\/www.instagram.com\\\/residenciapuertanueva\\\/\",\"https:\\\/\\\/youtube.com\\\/@PuertanuevaResidencia\",\"https:\\\/\\\/www.linkedin.com\\\/company\\\/residencia-universitaria-puertanueva\\\/\"]}]}<\/script>\n<!-- \/ Yoast SEO plugin. -->","yoast_head_json":{"title":"Application Form Short-Stays Residents - Puertanueva","robots":{"index":"index","follow":"follow","max-snippet":"max-snippet:-1","max-image-preview":"max-image-preview:large","max-video-preview":"max-video-preview:-1"},"canonical":"https:\/\/residenciapuertanueva.com\/formulario-admision-estancia-menor\/","og_locale":"en_US","og_type":"article","og_title":"Application Form Short-Stays Residents - Puertanueva","og_description":"Short-stay Application form Fill out your application for admission to the Puerta Nueva\u00a0 and we will contact you.","og_url":"https:\/\/residenciapuertanueva.com\/formulario-admision-estancia-menor\/","og_site_name":"Puertanueva","article_publisher":"https:\/\/www.facebook.com\/ResidenciaUniversitariaPuertaNueva","article_modified_time":"2023-09-27T21:33:51+00:00","og_image":[{"width":850,"height":633,"url":"https:\/\/residenciapuertanueva.com\/wp-content\/uploads\/2021\/01\/f83f34c8-5fbf-4b39-99d6-30ec9fd4ca385722-e1611419662132.jpg","type":"image\/jpeg"}],"twitter_card":"summary_large_image","twitter_misc":{"Est. reading time":"1 minute"},"schema":{"@context":"https:\/\/schema.org","@graph":[{"@type":"WebPage","@id":"https:\/\/residenciapuertanueva.com\/formulario-admision-estancia-menor\/","url":"https:\/\/residenciapuertanueva.com\/formulario-admision-estancia-menor\/","name":"Application Form Short-Stays Residents - Puertanueva","isPartOf":{"@id":"https:\/\/residenciapuertanueva.com\/#website"},"datePublished":"2018-03-08T10:08:47+00:00","dateModified":"2023-09-27T21:33:51+00:00","breadcrumb":{"@id":"https:\/\/residenciapuertanueva.com\/formulario-admision-estancia-menor\/#breadcrumb"},"inLanguage":"en-US","potentialAction":[{"@type":"ReadAction","target":["https:\/\/residenciapuertanueva.com\/formulario-admision-estancia-menor\/"]}]},{"@type":"BreadcrumbList","@id":"https:\/\/residenciapuertanueva.com\/formulario-admision-estancia-menor\/#breadcrumb","itemListElement":[{"@type":"ListItem","position":1,"name":"Portada","item":"https:\/\/residenciapuertanueva.com\/"},{"@type":"ListItem","position":2,"name":"Application Form Short-Stays Residents"}]},{"@type":"WebSite","@id":"https:\/\/residenciapuertanueva.com\/#website","url":"https:\/\/residenciapuertanueva.com\/","name":"Puertanueva Residencia Universitaria C\u00f3rdoba","description":"Residencia Universitaria en C\u00f3rdoba. La residencia de estudiantes en C\u00f3rdoba por exelencia. Tu pr\u00f3ximo hogar de estudio en C\u00f3rdoba.","publisher":{"@id":"https:\/\/residenciapuertanueva.com\/#organization"},"alternateName":"Residencia estudiantes C\u00f3rdoba Puertanueva","potentialAction":[{"@type":"SearchAction","target":{"@type":"EntryPoint","urlTemplate":"https:\/\/residenciapuertanueva.com\/?s={search_term_string}"},"query-input":{"@type":"PropertyValueSpecification","valueRequired":true,"valueName":"search_term_string"}}],"inLanguage":"en-US"},{"@type":"Organization","@id":"https:\/\/residenciapuertanueva.com\/#organization","name":"Puertanueva Residencia Universitaria C\u00f3rdoba","url":"https:\/\/residenciapuertanueva.com\/","logo":{"@type":"ImageObject","inLanguage":"en-US","@id":"https:\/\/residenciapuertanueva.com\/#\/schema\/logo\/image\/","url":"https:\/\/residenciapuertanueva.com\/wp-content\/uploads\/2023\/07\/2023-07-20-a-las-1.23.01.png","contentUrl":"https:\/\/residenciapuertanueva.com\/wp-content\/uploads\/2023\/07\/2023-07-20-a-las-1.23.01.png","width":311,"height":93,"caption":"Puertanueva Residencia Universitaria C\u00f3rdoba"},"image":{"@id":"https:\/\/residenciapuertanueva.com\/#\/schema\/logo\/image\/"},"sameAs":["https:\/\/www.facebook.com\/ResidenciaUniversitariaPuertaNueva","https:\/\/www.instagram.com\/residenciapuertanueva\/","https:\/\/youtube.com\/@PuertanuevaResidencia","https:\/\/www.linkedin.com\/company\/residencia-universitaria-puertanueva\/"]}]}},"_links":{"self":[{"href":"https:\/\/residenciapuertanueva.com\/en\/wp-json\/wp\/v2\/pages\/599","targetHints":{"allow":["GET"]}}],"collection":[{"href":"https:\/\/residenciapuertanueva.com\/en\/wp-json\/wp\/v2\/pages"}],"about":[{"href":"https:\/\/residenciapuertanueva.com\/en\/wp-json\/wp\/v2\/types\/page"}],"author":[{"embeddable":true,"href":"https:\/\/residenciapuertanueva.com\/en\/wp-json\/wp\/v2\/users\/1"}],"replies":[{"embeddable":true,"href":"https:\/\/residenciapuertanueva.com\/en\/wp-json\/wp\/v2\/comments?post=599"}],"version-history":[{"count":12,"href":"https:\/\/residenciapuertanueva.com\/en\/wp-json\/wp\/v2\/pages\/599\/revisions"}],"predecessor-version":[{"id":3824,"href":"https:\/\/residenciapuertanueva.com\/en\/wp-json\/wp\/v2\/pages\/599\/revisions\/3824"}],"wp:attachment":[{"href":"https:\/\/residenciapuertanueva.com\/en\/wp-json\/wp\/v2\/media?parent=599"}],"curies":[{"name":"wp","href":"https:\/\/api.w.org\/{rel}","templated":true}]}}