{"id":571,"date":"2018-04-06T11:06:05","date_gmt":"2018-04-06T11:06:05","guid":{"rendered":"http:\/\/residenciapuertanueva.com\/?page_id=571"},"modified":"2018-04-06T11:06:52","modified_gmt":"2018-04-06T11:06:52","slug":"cookie-policy","status":"publish","type":"page","link":"https:\/\/residenciapuertanueva.com\/en\/cookie-policy\/","title":{"rendered":"Cookie Policy"},"content":{"rendered":"<p>\t\t\t\t<img fetchpriority=\"high\" decoding=\"async\" src=\"http:\/\/residenciapuertanueva.com\/wp-content\/uploads\/2018\/02\/logo-iso-abajo.jpg\" alt=\"logo-iso-abajo\" itemprop=\"image\" height=\"462\" width=\"319\"  \/><\/p>\n<p><strong>What are cookies?<\/strong><\/p>\n<p>Cookies are small files that are installed on the USER\u2019s terminal when visiting a website for the purposes of storing data that may be updated and recovered by the entity responsible for their installation.<\/p>\n<p>If USERS do not register or leave personal information on the site, the server will know that someone with that cookie returned to the website but it will be impossible to associate the browsing behaviour with a specific, identifiable, USER.<\/p>\n<p><strong>What types of cookies are there?<\/strong><\/p>\n<p>Depending on their expiry date, cookies can be classified into session cookies and permanent cookies. The former expire when the user closes the browser while the latter are stored for a longer time, during which the information remains stored on the terminal and can be accessed and processed.<\/p>\n<p>They can also be classified according to the entity that manages the equipment or domain from which the cookies are sent and which processes the data obtained.<\/p>\n<p>Proprietary cookies. These are cookies that are sent to the user\u2019s terminal from the equipment or domain managed by the cookie&#8217;s editor and from which the service requested by the user is provided.<\/p>\n<p>Third party cookies. These are cookies that are sent to the user\u2019s terminal from some equipment or domain that is not managed by the cookies editor but by another entity that processes the data obtained from the cookies.<\/p>\n<p>Depending on the purpose, they can be divided into:<\/p>\n<p>Technical cookies. These permit users to browse a website, platform or application and use the different options or services existing on it such as, for example, controlling the traffic and communication of information, identifying the session or carrying out a purchasing order process.<\/p>\n<p>Custom cookies. These permit users to access the service with some general characteristics predefined according to a series of criteria on the user&#8217;s terminal, such as, for example, the language or browser used.<\/p>\n<p>Analytical cookies. These permit the person responsible for them to monitor and analyse the behaviour of users of the websites with which they are linked. The information collected is used to measure the activity of the website, application or platform and to draw up browsing profiles for the users of said sites, applications and platforms, with the aim of introducing improvements based on the analysis of the data provided by the users of the service.<\/p>\n<p>Advertising cookies. These permit the management, in the most efficient manner possible, of advertising space that where appropriate, the editor has included on a website, application or platform from which the service requested is provided, based on criteria such as the content edited or the frequency with which the adverts are displayed.<\/p>\n<p>Advertising or behavioural cookies: These permit the management, in the most efficient manner possible, of advertising space that where appropriate, the editor has included on a website, application or platform from which the service requested is provided. They store information on the behaviour of the users that is obtained through the continuing observation of their browsing habits, which permits a specific profile to be drawn up and for advertising to be displayed according to this profile.<\/p>\n<p>What cookies does the Puerta Nueva Residence website use?<\/p>\n<p>From this website the cookies described below are installed:<\/p>\n<p>How to deactivate or delete cookies<\/p>\n<p>USERS may configure their browser so that cookies are not installed or so that a warning is displayed on the screen each<\/p>\n<p>time a cookie wishes to be installed, so that they can decide at any time if they wish to accept it or not. Also,<\/p>\n<p>users may decide to subsequently delete the cookies that have been installed by changing their<\/p>\n<p>browser settings or by manually deleting them in the browser. Bear in mind that deleting cookies<\/p>\n<p>may mean a reduction in the quality or functionalities of the website.<\/p>\n<p>Click on the name of your browser to obtain further information on this point:<\/p>\n<p>\u00b7 Google Chrome<\/p>\n<p>\u00b7 Safari<\/p>\n<p>\u00b7 Mozilla Firefox<\/p>\n<p>\u00b7 Internet Explorer<\/p>\n","protected":false},"excerpt":{"rendered":"<p>What are cookies? Cookies are small files that are installed on the USER\u2019s terminal when visiting a website for the purposes of storing data that may be updated and recovered by the entity responsible for their installation. If USERS do not register or leave personal information on the site, the server will know that someone [&hellip;]<\/p>\n","protected":false},"author":1,"featured_media":0,"parent":0,"menu_order":10,"comment_status":"closed","ping_status":"closed","template":"","meta":{"footnotes":""},"class_list":["post-571","page","type-page","status-publish","hentry","floatton-article"],"yoast_head":"<!-- This site is optimized with the Yoast SEO plugin v27.3 - https:\/\/yoast.com\/product\/yoast-seo-wordpress\/ -->\n<title>Cookie Policy - Puertanueva<\/title>\n<meta name=\"robots\" content=\"index, follow, max-snippet:-1, max-image-preview:large, max-video-preview:-1\" \/>\n<link rel=\"canonical\" href=\"https:\/\/residenciapuertanueva.com\/en\/cookie-policy\/\" \/>\n<meta property=\"og:locale\" content=\"en_US\" \/>\n<meta property=\"og:type\" content=\"article\" \/>\n<meta property=\"og:title\" content=\"Cookie Policy - Puertanueva\" \/>\n<meta property=\"og:description\" content=\"What are cookies? Cookies are small files that are installed on the USER\u2019s terminal when visiting a website for the purposes of storing data that may be updated and recovered by the entity responsible for their installation. If USERS do not register or leave personal information on the site, the server will know that someone [&hellip;]\" \/>\n<meta property=\"og:url\" content=\"https:\/\/residenciapuertanueva.com\/en\/cookie-policy\/\" \/>\n<meta property=\"og:site_name\" content=\"Puertanueva\" \/>\n<meta property=\"article:publisher\" content=\"https:\/\/www.facebook.com\/ResidenciaUniversitariaPuertaNueva\" \/>\n<meta property=\"article:modified_time\" content=\"2018-04-06T11:06:52+00:00\" \/>\n<meta property=\"og:image\" content=\"http:\/\/residenciapuertanueva.com\/wp-content\/uploads\/2018\/02\/logo-iso-abajo.jpg\" \/>\n<meta name=\"twitter:card\" content=\"summary_large_image\" \/>\n<meta name=\"twitter:label1\" content=\"Est. reading time\" \/>\n\t<meta name=\"twitter:data1\" content=\"3 minutes\" \/>\n<script type=\"application\/ld+json\" class=\"yoast-schema-graph\">{\"@context\":\"https:\\\/\\\/schema.org\",\"@graph\":[{\"@type\":\"WebPage\",\"@id\":\"https:\\\/\\\/residenciapuertanueva.com\\\/en\\\/cookie-policy\\\/\",\"url\":\"https:\\\/\\\/residenciapuertanueva.com\\\/en\\\/cookie-policy\\\/\",\"name\":\"Cookie Policy - Puertanueva\",\"isPartOf\":{\"@id\":\"https:\\\/\\\/residenciapuertanueva.com\\\/#website\"},\"primaryImageOfPage\":{\"@id\":\"https:\\\/\\\/residenciapuertanueva.com\\\/en\\\/cookie-policy\\\/#primaryimage\"},\"image\":{\"@id\":\"https:\\\/\\\/residenciapuertanueva.com\\\/en\\\/cookie-policy\\\/#primaryimage\"},\"thumbnailUrl\":\"http:\\\/\\\/residenciapuertanueva.com\\\/wp-content\\\/uploads\\\/2018\\\/02\\\/logo-iso-abajo.jpg\",\"datePublished\":\"2018-04-06T11:06:05+00:00\",\"dateModified\":\"2018-04-06T11:06:52+00:00\",\"breadcrumb\":{\"@id\":\"https:\\\/\\\/residenciapuertanueva.com\\\/en\\\/cookie-policy\\\/#breadcrumb\"},\"inLanguage\":\"en-US\",\"potentialAction\":[{\"@type\":\"ReadAction\",\"target\":[\"https:\\\/\\\/residenciapuertanueva.com\\\/en\\\/cookie-policy\\\/\"]}]},{\"@type\":\"ImageObject\",\"inLanguage\":\"en-US\",\"@id\":\"https:\\\/\\\/residenciapuertanueva.com\\\/en\\\/cookie-policy\\\/#primaryimage\",\"url\":\"http:\\\/\\\/residenciapuertanueva.com\\\/wp-content\\\/uploads\\\/2018\\\/02\\\/logo-iso-abajo.jpg\",\"contentUrl\":\"http:\\\/\\\/residenciapuertanueva.com\\\/wp-content\\\/uploads\\\/2018\\\/02\\\/logo-iso-abajo.jpg\"},{\"@type\":\"BreadcrumbList\",\"@id\":\"https:\\\/\\\/residenciapuertanueva.com\\\/en\\\/cookie-policy\\\/#breadcrumb\",\"itemListElement\":[{\"@type\":\"ListItem\",\"position\":1,\"name\":\"Portada\",\"item\":\"https:\\\/\\\/residenciapuertanueva.com\\\/\"},{\"@type\":\"ListItem\",\"position\":2,\"name\":\"Cookie Policy\"}]},{\"@type\":\"WebSite\",\"@id\":\"https:\\\/\\\/residenciapuertanueva.com\\\/#website\",\"url\":\"https:\\\/\\\/residenciapuertanueva.com\\\/\",\"name\":\"Puertanueva Residencia Universitaria C\u00f3rdoba\",\"description\":\"Residencia Universitaria en C\u00f3rdoba. La residencia de estudiantes en C\u00f3rdoba por exelencia. Tu pr\u00f3ximo hogar de estudio en C\u00f3rdoba.\",\"publisher\":{\"@id\":\"https:\\\/\\\/residenciapuertanueva.com\\\/#organization\"},\"alternateName\":\"Residencia estudiantes C\u00f3rdoba Puertanueva\",\"potentialAction\":[{\"@type\":\"SearchAction\",\"target\":{\"@type\":\"EntryPoint\",\"urlTemplate\":\"https:\\\/\\\/residenciapuertanueva.com\\\/?s={search_term_string}\"},\"query-input\":{\"@type\":\"PropertyValueSpecification\",\"valueRequired\":true,\"valueName\":\"search_term_string\"}}],\"inLanguage\":\"en-US\"},{\"@type\":\"Organization\",\"@id\":\"https:\\\/\\\/residenciapuertanueva.com\\\/#organization\",\"name\":\"Puertanueva Residencia Universitaria C\u00f3rdoba\",\"url\":\"https:\\\/\\\/residenciapuertanueva.com\\\/\",\"logo\":{\"@type\":\"ImageObject\",\"inLanguage\":\"en-US\",\"@id\":\"https:\\\/\\\/residenciapuertanueva.com\\\/#\\\/schema\\\/logo\\\/image\\\/\",\"url\":\"https:\\\/\\\/residenciapuertanueva.com\\\/wp-content\\\/uploads\\\/2023\\\/07\\\/2023-07-20-a-las-1.23.01.png\",\"contentUrl\":\"https:\\\/\\\/residenciapuertanueva.com\\\/wp-content\\\/uploads\\\/2023\\\/07\\\/2023-07-20-a-las-1.23.01.png\",\"width\":311,\"height\":93,\"caption\":\"Puertanueva Residencia Universitaria C\u00f3rdoba\"},\"image\":{\"@id\":\"https:\\\/\\\/residenciapuertanueva.com\\\/#\\\/schema\\\/logo\\\/image\\\/\"},\"sameAs\":[\"https:\\\/\\\/www.facebook.com\\\/ResidenciaUniversitariaPuertaNueva\",\"https:\\\/\\\/www.instagram.com\\\/residenciapuertanueva\\\/\",\"https:\\\/\\\/youtube.com\\\/@PuertanuevaResidencia\",\"https:\\\/\\\/www.linkedin.com\\\/company\\\/residencia-universitaria-puertanueva\\\/\"]}]}<\/script>\n<!-- \/ Yoast SEO plugin. -->","yoast_head_json":{"title":"Cookie Policy - Puertanueva","robots":{"index":"index","follow":"follow","max-snippet":"max-snippet:-1","max-image-preview":"max-image-preview:large","max-video-preview":"max-video-preview:-1"},"canonical":"https:\/\/residenciapuertanueva.com\/en\/cookie-policy\/","og_locale":"en_US","og_type":"article","og_title":"Cookie Policy - Puertanueva","og_description":"What are cookies? Cookies are small files that are installed on the USER\u2019s terminal when visiting a website for the purposes of storing data that may be updated and recovered by the entity responsible for their installation. If USERS do not register or leave personal information on the site, the server will know that someone [&hellip;]","og_url":"https:\/\/residenciapuertanueva.com\/en\/cookie-policy\/","og_site_name":"Puertanueva","article_publisher":"https:\/\/www.facebook.com\/ResidenciaUniversitariaPuertaNueva","article_modified_time":"2018-04-06T11:06:52+00:00","og_image":[{"url":"http:\/\/residenciapuertanueva.com\/wp-content\/uploads\/2018\/02\/logo-iso-abajo.jpg","type":"","width":"","height":""}],"twitter_card":"summary_large_image","twitter_misc":{"Est. reading time":"3 minutes"},"schema":{"@context":"https:\/\/schema.org","@graph":[{"@type":"WebPage","@id":"https:\/\/residenciapuertanueva.com\/en\/cookie-policy\/","url":"https:\/\/residenciapuertanueva.com\/en\/cookie-policy\/","name":"Cookie Policy - Puertanueva","isPartOf":{"@id":"https:\/\/residenciapuertanueva.com\/#website"},"primaryImageOfPage":{"@id":"https:\/\/residenciapuertanueva.com\/en\/cookie-policy\/#primaryimage"},"image":{"@id":"https:\/\/residenciapuertanueva.com\/en\/cookie-policy\/#primaryimage"},"thumbnailUrl":"http:\/\/residenciapuertanueva.com\/wp-content\/uploads\/2018\/02\/logo-iso-abajo.jpg","datePublished":"2018-04-06T11:06:05+00:00","dateModified":"2018-04-06T11:06:52+00:00","breadcrumb":{"@id":"https:\/\/residenciapuertanueva.com\/en\/cookie-policy\/#breadcrumb"},"inLanguage":"en-US","potentialAction":[{"@type":"ReadAction","target":["https:\/\/residenciapuertanueva.com\/en\/cookie-policy\/"]}]},{"@type":"ImageObject","inLanguage":"en-US","@id":"https:\/\/residenciapuertanueva.com\/en\/cookie-policy\/#primaryimage","url":"http:\/\/residenciapuertanueva.com\/wp-content\/uploads\/2018\/02\/logo-iso-abajo.jpg","contentUrl":"http:\/\/residenciapuertanueva.com\/wp-content\/uploads\/2018\/02\/logo-iso-abajo.jpg"},{"@type":"BreadcrumbList","@id":"https:\/\/residenciapuertanueva.com\/en\/cookie-policy\/#breadcrumb","itemListElement":[{"@type":"ListItem","position":1,"name":"Portada","item":"https:\/\/residenciapuertanueva.com\/"},{"@type":"ListItem","position":2,"name":"Cookie Policy"}]},{"@type":"WebSite","@id":"https:\/\/residenciapuertanueva.com\/#website","url":"https:\/\/residenciapuertanueva.com\/","name":"Puertanueva Residencia Universitaria C\u00f3rdoba","description":"Residencia Universitaria en C\u00f3rdoba. La residencia de estudiantes en C\u00f3rdoba por exelencia. Tu pr\u00f3ximo hogar de estudio en C\u00f3rdoba.","publisher":{"@id":"https:\/\/residenciapuertanueva.com\/#organization"},"alternateName":"Residencia estudiantes C\u00f3rdoba Puertanueva","potentialAction":[{"@type":"SearchAction","target":{"@type":"EntryPoint","urlTemplate":"https:\/\/residenciapuertanueva.com\/?s={search_term_string}"},"query-input":{"@type":"PropertyValueSpecification","valueRequired":true,"valueName":"search_term_string"}}],"inLanguage":"en-US"},{"@type":"Organization","@id":"https:\/\/residenciapuertanueva.com\/#organization","name":"Puertanueva Residencia Universitaria C\u00f3rdoba","url":"https:\/\/residenciapuertanueva.com\/","logo":{"@type":"ImageObject","inLanguage":"en-US","@id":"https:\/\/residenciapuertanueva.com\/#\/schema\/logo\/image\/","url":"https:\/\/residenciapuertanueva.com\/wp-content\/uploads\/2023\/07\/2023-07-20-a-las-1.23.01.png","contentUrl":"https:\/\/residenciapuertanueva.com\/wp-content\/uploads\/2023\/07\/2023-07-20-a-las-1.23.01.png","width":311,"height":93,"caption":"Puertanueva Residencia Universitaria C\u00f3rdoba"},"image":{"@id":"https:\/\/residenciapuertanueva.com\/#\/schema\/logo\/image\/"},"sameAs":["https:\/\/www.facebook.com\/ResidenciaUniversitariaPuertaNueva","https:\/\/www.instagram.com\/residenciapuertanueva\/","https:\/\/youtube.com\/@PuertanuevaResidencia","https:\/\/www.linkedin.com\/company\/residencia-universitaria-puertanueva\/"]}]}},"_links":{"self":[{"href":"https:\/\/residenciapuertanueva.com\/en\/wp-json\/wp\/v2\/pages\/571","targetHints":{"allow":["GET"]}}],"collection":[{"href":"https:\/\/residenciapuertanueva.com\/en\/wp-json\/wp\/v2\/pages"}],"about":[{"href":"https:\/\/residenciapuertanueva.com\/en\/wp-json\/wp\/v2\/types\/page"}],"author":[{"embeddable":true,"href":"https:\/\/residenciapuertanueva.com\/en\/wp-json\/wp\/v2\/users\/1"}],"replies":[{"embeddable":true,"href":"https:\/\/residenciapuertanueva.com\/en\/wp-json\/wp\/v2\/comments?post=571"}],"version-history":[{"count":2,"href":"https:\/\/residenciapuertanueva.com\/en\/wp-json\/wp\/v2\/pages\/571\/revisions"}],"predecessor-version":[{"id":573,"href":"https:\/\/residenciapuertanueva.com\/en\/wp-json\/wp\/v2\/pages\/571\/revisions\/573"}],"wp:attachment":[{"href":"https:\/\/residenciapuertanueva.com\/en\/wp-json\/wp\/v2\/media?parent=571"}],"curies":[{"name":"wp","href":"https:\/\/api.w.org\/{rel}","templated":true}]}}