{"id":564,"date":"2018-03-05T15:39:51","date_gmt":"2018-03-05T15:39:51","guid":{"rendered":"http:\/\/residenciapuertanueva.com\/aviso-legal\/"},"modified":"2018-04-06T10:55:50","modified_gmt":"2018-04-06T10:55:50","slug":"legal-notice","status":"publish","type":"page","link":"https:\/\/residenciapuertanueva.com\/en\/legal-notice\/","title":{"rendered":"Legal notice"},"content":{"rendered":"<p>\t\t\t\t<img fetchpriority=\"high\" decoding=\"async\" src=\"http:\/\/residenciapuertanueva.com\/wp-content\/uploads\/2018\/02\/logo-iso-abajo.jpg\" alt=\"logo-iso-abajo\" itemprop=\"image\" height=\"462\" width=\"319\"  \/><\/p>\n<p><strong>1. IDENTITY OF THE OWNER OF THE WEBSITE<\/strong><\/p>\n<p>Residencia Universitaria PUERTANUEVA with its address at Calle Traves\u00eda Barrionuevo 5, 14002 C\u00f3rdoba, SPAIN<\/p>\n<p>TELEPHONE: +34 957 25 72 77<\/p>\n<p><strong>2. TERMS OF USE AGREEMENT<\/strong><\/p>\n<p>The use of this website confers on those who browse it, whether they are individuals or legal entities, the status of USERS, which means that that they accept the terms and conditions listed below.<\/p>\n<p>For all intents and purposes, this means the terms and conditions in the published version at the time the site is accessed.<\/p>\n<p>PUERTANUEVA University Residence recommends that USERS read the terms and conditions listed below carefully before making use of the services offered.<\/p>\n<p>In addition, access to certain services on this website may be subject to certain special conditions that, depending on the case, replace, supplement and\/or modify these general terms and conditions.<\/p>\n<p>Therefore, prior to accessing and\/or using our services, USERS must also read the corresponding special conditions carefully. Should they not accept the conditions for use, they must refrain from accessing and using the services contained on this website.<\/p>\n<p>These conditions for use regulate the general use of the website by USERS, who have the possibility of displaying and printing them.<\/p>\n<p>PUERTANUEVA University Residence reserves the right to alter or remove at any time and without prior notice the content, services and information found on this website, as well as to limit or cancel the terms and conditions that apply to the website.<\/p>\n<p><strong>3. INTELLECTUAL AND INDUSTRIAL PROPERTY<\/strong><\/p>\n<p>The contents of this website are protected by the laws on intellectual and industrial property.<\/p>\n<p>The website, including but not limited to its programming, editing, compilation and other elements required for it to function, the design, logos, text and\/or graphics are the property of PUERTANUEVA University Residence or, where appropriate, it has a licence or express authorization from the authors thereof.<\/p>\n<p>Regardless of the purpose for which they are intended, any total or partial reproduction, use, exploitation, distribution and commercialization requires, in all cases, the prior written authorization of PUERTANUEVA University Residence. An infringement of the aforementioned rights may constitute a violation of these terms, as well as an offence punishable under articles 270 et seq. of the Spanish Criminal Code.<\/p>\n<p>Any designs, logos, text and\/or graphics that are not the property of PUERTANUEVA University Residence and that may appear on the website belong to their respective owners, who are responsible for any possible dispute that could arise in regard to them. In all cases, PUERTANUEVA University Residence has the express, prior authorization of these persons.<\/p>\n<p><strong>4. ACCESS TO THE WEBSITE<\/strong><\/p>\n<p>Our website may be visited by any USER freely and free of charge. Any personal information that is provided to us will always be treated in accordance with the terms of the Organic Law on the Protection of Personal Information.<\/p>\n<p><strong>5. CORRECT USE OF THE WEBSITE<\/strong><\/p>\n<p>USERS undertake to use the website, its content and services in accordance with the Law,<\/p>\n<p>decency and public order.<\/p>\n<p>Users are obliged and undertake:<\/p>\n<p>\u00b7 Not to use the website or services that are provided by it for illegal purposes or ends or any that are<\/p>\n<p>contrary to the contents of this Legal Notice that may harm the interests or rights of third parties, or that may<\/p>\n<p>in any way harm,<\/p>\n<p>damage, render useless or impair the satisfactory use of the website by other users.<\/p>\n<p>\u00b7 Not to destroy, alter, render useless or, in any other way, damage the data, programs or<\/p>\n<p>electronic and other documents to be found on the website.<\/p>\n<p>\u00b7 Not to introduce programs, viruses, macros, mini-applications or other logical devices<\/p>\n<p>or sequences of characters that cause or may cause any kind of alteration to the<\/p>\n<p>computer systems of PUERTANUEVA University Residence or third parties.<\/p>\n<p>\u00b7 Not to misuse any information, messages, graphics, drawings, sound and\/or image files,<\/p>\n<p>photographs, recordings, software and, in general, any class of material available on<\/p>\n<p>the website or the services that it offers.<\/p>\n<p>\u00b7 Not to introduce actions, attitudes or ideas that are discriminatory due to sex, race, religion,<\/p>\n<p>beliefs, age or situation.<\/p>\n<p>In addition, PUERTANUEVA University Residence reserves the right to deny or remove access to the<\/p>\n<p>website and\/or services at any time and with no need for prior notice to USERS who<\/p>\n<p>fail to comply with these general conditions.<\/p>\n<p><strong>6. LIABILITY SCHEME<\/strong><\/p>\n<p>PUERTANUEVA University Residence will not be held liable, directly or subsidiarily, for:<\/p>\n<p>\u00b7 The quality of the service, speed of access, correct operation or the availability or continuous operation of the website.<\/p>\n<p>\u00b7 Any interruptions to the service, delays, errors, malfunctions or, in general, any other difficulties that are due to some cause that is beyond the control of<\/p>\n<p>PUERTANUEVA University Residence.<\/p>\n<p>\u00b7 Any wilful or wrongful act by a USER and\/or one that originates from causes of force majeure. In all cases, whatever the cause.<\/p>\n<p>\u00b7 Direct or indirect damage, consequential damage and\/or loss of profit.<\/p>\n<p>\u00b7 The content and opinions of third parties or information contained on the websites of third parties that can be accessed through links or search features on the website.<\/p>\n<p>\u00b7 Damage that may be caused to USERS&#8217; equipment due to possible computer viruses<\/p>\n<p>contracted when browsing the website or any other damage originating from<\/p>\n<p>browsing it.<\/p>\n<p>\u00b7 Failure to obey the law, morals and generally accepted decency or<\/p>\n<p>public order as a result of transmitting, disseminating, storing, making<\/p>\n<p>available, receiving, obtaining or accessing the content.<\/p>\n<p>\u00b7 Flaws and defects of any kind in the content transmitted, disseminated, stored or made available, failure to update or a lack of accuracy in the same, or its scientific<\/p>\n<p>quality, where appropriate.<\/p>\n<p>In addition, PUERTANUEVA University Residence does not guarantee that the website and server are free of viruses and will not be held responsible for any damage caused by accessing the website or being unable to access it.<\/p>\n<p>PUERTANUEVA University Residence shall be entitled to temporarily suspend the services and content of the website in order to undertake maintenance operations, improvements or repairs to the site, without any compensation being due to the USERS for the same.<\/p>\n<p><strong>7. DATA PROTECTION<\/strong><\/p>\n<p>We process the information provided to us so as to provide you with the service requested. The information<\/p>\n<p>provided will be preserved for the number of years required to comply with legal obligations. The information will not be handed over to third parties except in cases where there is a legal obligation to do so. You have the right to access your personal information, rectify any inaccurate information or request its deletion when this information is no longer necessary.<\/p>\n<p>If you wish to exercise your rights, you may write to Calle Traves\u00eda Barrionuevo 5, 14002 C\u00f3rdoba, SPAIN.<\/p>\n<p><strong>8. ADVERTISING<\/strong><\/p>\n<p>In accordance with the terms of the Law on Services to the Information Society and Electronic Commerce, the e-mail policy focuses on only sending communications that the USER has asked to receive. If you do not wish to receive these messages by e-mail, you may write to Calle Traves\u00eda Barrionuevo 5, 14002 C\u00f3rdoba, SPAIN.<\/p>\n<p><strong>9. APPLICABLE LEGISLATION AND LEGAL JURISDICTION<\/strong><\/p>\n<p>These terms and conditions were written in Spanish and are subject to current Spanish legislation. For any legal dispute or issue that pertains to the website of PUERTANUEVA University Residence, the Courts and Tribunals of C\u00f3rdoba, Spain, shall have the jurisdiction.<\/p>\n","protected":false},"excerpt":{"rendered":"<p>1. IDENTITY OF THE OWNER OF THE WEBSITE Residencia Universitaria PUERTANUEVA with its address at Calle Traves\u00eda Barrionuevo 5, 14002 C\u00f3rdoba, SPAIN TELEPHONE: +34 957 25 72 77 2. TERMS OF USE AGREEMENT The use of this website confers on those who browse it, whether they are individuals or legal entities, the status of USERS, [&hellip;]<\/p>\n","protected":false},"author":1,"featured_media":0,"parent":0,"menu_order":10,"comment_status":"closed","ping_status":"closed","template":"","meta":{"footnotes":""},"class_list":["post-564","page","type-page","status-publish","hentry","floatton-article"],"yoast_head":"<!-- This site is optimized with the Yoast SEO plugin v27.4 - https:\/\/yoast.com\/product\/yoast-seo-wordpress\/ -->\n<title>Legal notice - Puertanueva<\/title>\n<meta name=\"robots\" content=\"index, follow, max-snippet:-1, max-image-preview:large, max-video-preview:-1\" \/>\n<link rel=\"canonical\" href=\"https:\/\/residenciapuertanueva.com\/en\/legal-notice\/\" \/>\n<meta property=\"og:locale\" content=\"en_US\" \/>\n<meta property=\"og:type\" content=\"article\" \/>\n<meta property=\"og:title\" content=\"Legal notice - Puertanueva\" \/>\n<meta property=\"og:description\" content=\"1. IDENTITY OF THE OWNER OF THE WEBSITE Residencia Universitaria PUERTANUEVA with its address at Calle Traves\u00eda Barrionuevo 5, 14002 C\u00f3rdoba, SPAIN TELEPHONE: +34 957 25 72 77 2. TERMS OF USE AGREEMENT The use of this website confers on those who browse it, whether they are individuals or legal entities, the status of USERS, [&hellip;]\" \/>\n<meta property=\"og:url\" content=\"https:\/\/residenciapuertanueva.com\/en\/legal-notice\/\" \/>\n<meta property=\"og:site_name\" content=\"Puertanueva\" \/>\n<meta property=\"article:publisher\" content=\"https:\/\/www.facebook.com\/ResidenciaUniversitariaPuertaNueva\" \/>\n<meta property=\"article:modified_time\" content=\"2018-04-06T10:55:50+00:00\" \/>\n<meta property=\"og:image\" content=\"http:\/\/residenciapuertanueva.com\/wp-content\/uploads\/2018\/02\/logo-iso-abajo.jpg\" \/>\n<meta name=\"twitter:card\" content=\"summary_large_image\" \/>\n<meta name=\"twitter:label1\" content=\"Est. reading time\" \/>\n\t<meta name=\"twitter:data1\" content=\"6 minutes\" \/>\n<script type=\"application\/ld+json\" class=\"yoast-schema-graph\">{\"@context\":\"https:\\\/\\\/schema.org\",\"@graph\":[{\"@type\":\"WebPage\",\"@id\":\"https:\\\/\\\/residenciapuertanueva.com\\\/en\\\/legal-notice\\\/\",\"url\":\"https:\\\/\\\/residenciapuertanueva.com\\\/en\\\/legal-notice\\\/\",\"name\":\"Legal notice - Puertanueva\",\"isPartOf\":{\"@id\":\"https:\\\/\\\/residenciapuertanueva.com\\\/#website\"},\"primaryImageOfPage\":{\"@id\":\"https:\\\/\\\/residenciapuertanueva.com\\\/en\\\/legal-notice\\\/#primaryimage\"},\"image\":{\"@id\":\"https:\\\/\\\/residenciapuertanueva.com\\\/en\\\/legal-notice\\\/#primaryimage\"},\"thumbnailUrl\":\"http:\\\/\\\/residenciapuertanueva.com\\\/wp-content\\\/uploads\\\/2018\\\/02\\\/logo-iso-abajo.jpg\",\"datePublished\":\"2018-03-05T15:39:51+00:00\",\"dateModified\":\"2018-04-06T10:55:50+00:00\",\"breadcrumb\":{\"@id\":\"https:\\\/\\\/residenciapuertanueva.com\\\/en\\\/legal-notice\\\/#breadcrumb\"},\"inLanguage\":\"en-US\",\"potentialAction\":[{\"@type\":\"ReadAction\",\"target\":[\"https:\\\/\\\/residenciapuertanueva.com\\\/en\\\/legal-notice\\\/\"]}]},{\"@type\":\"ImageObject\",\"inLanguage\":\"en-US\",\"@id\":\"https:\\\/\\\/residenciapuertanueva.com\\\/en\\\/legal-notice\\\/#primaryimage\",\"url\":\"http:\\\/\\\/residenciapuertanueva.com\\\/wp-content\\\/uploads\\\/2018\\\/02\\\/logo-iso-abajo.jpg\",\"contentUrl\":\"http:\\\/\\\/residenciapuertanueva.com\\\/wp-content\\\/uploads\\\/2018\\\/02\\\/logo-iso-abajo.jpg\"},{\"@type\":\"BreadcrumbList\",\"@id\":\"https:\\\/\\\/residenciapuertanueva.com\\\/en\\\/legal-notice\\\/#breadcrumb\",\"itemListElement\":[{\"@type\":\"ListItem\",\"position\":1,\"name\":\"Portada\",\"item\":\"https:\\\/\\\/residenciapuertanueva.com\\\/\"},{\"@type\":\"ListItem\",\"position\":2,\"name\":\"Legal notice\"}]},{\"@type\":\"WebSite\",\"@id\":\"https:\\\/\\\/residenciapuertanueva.com\\\/#website\",\"url\":\"https:\\\/\\\/residenciapuertanueva.com\\\/\",\"name\":\"Puertanueva Residencia Universitaria C\u00f3rdoba\",\"description\":\"Residencia Universitaria en C\u00f3rdoba. La residencia de estudiantes en C\u00f3rdoba por exelencia. Tu pr\u00f3ximo hogar de estudio en C\u00f3rdoba.\",\"publisher\":{\"@id\":\"https:\\\/\\\/residenciapuertanueva.com\\\/#organization\"},\"alternateName\":\"Residencia estudiantes C\u00f3rdoba Puertanueva\",\"potentialAction\":[{\"@type\":\"SearchAction\",\"target\":{\"@type\":\"EntryPoint\",\"urlTemplate\":\"https:\\\/\\\/residenciapuertanueva.com\\\/?s={search_term_string}\"},\"query-input\":{\"@type\":\"PropertyValueSpecification\",\"valueRequired\":true,\"valueName\":\"search_term_string\"}}],\"inLanguage\":\"en-US\"},{\"@type\":\"Organization\",\"@id\":\"https:\\\/\\\/residenciapuertanueva.com\\\/#organization\",\"name\":\"Puertanueva Residencia Universitaria C\u00f3rdoba\",\"url\":\"https:\\\/\\\/residenciapuertanueva.com\\\/\",\"logo\":{\"@type\":\"ImageObject\",\"inLanguage\":\"en-US\",\"@id\":\"https:\\\/\\\/residenciapuertanueva.com\\\/#\\\/schema\\\/logo\\\/image\\\/\",\"url\":\"https:\\\/\\\/residenciapuertanueva.com\\\/wp-content\\\/uploads\\\/2023\\\/07\\\/2023-07-20-a-las-1.23.01.png\",\"contentUrl\":\"https:\\\/\\\/residenciapuertanueva.com\\\/wp-content\\\/uploads\\\/2023\\\/07\\\/2023-07-20-a-las-1.23.01.png\",\"width\":311,\"height\":93,\"caption\":\"Puertanueva Residencia Universitaria C\u00f3rdoba\"},\"image\":{\"@id\":\"https:\\\/\\\/residenciapuertanueva.com\\\/#\\\/schema\\\/logo\\\/image\\\/\"},\"sameAs\":[\"https:\\\/\\\/www.facebook.com\\\/ResidenciaUniversitariaPuertaNueva\",\"https:\\\/\\\/www.instagram.com\\\/residenciapuertanueva\\\/\",\"https:\\\/\\\/youtube.com\\\/@PuertanuevaResidencia\",\"https:\\\/\\\/www.linkedin.com\\\/company\\\/residencia-universitaria-puertanueva\\\/\"]}]}<\/script>\n<!-- \/ Yoast SEO plugin. -->","yoast_head_json":{"title":"Legal notice - Puertanueva","robots":{"index":"index","follow":"follow","max-snippet":"max-snippet:-1","max-image-preview":"max-image-preview:large","max-video-preview":"max-video-preview:-1"},"canonical":"https:\/\/residenciapuertanueva.com\/en\/legal-notice\/","og_locale":"en_US","og_type":"article","og_title":"Legal notice - Puertanueva","og_description":"1. IDENTITY OF THE OWNER OF THE WEBSITE Residencia Universitaria PUERTANUEVA with its address at Calle Traves\u00eda Barrionuevo 5, 14002 C\u00f3rdoba, SPAIN TELEPHONE: +34 957 25 72 77 2. TERMS OF USE AGREEMENT The use of this website confers on those who browse it, whether they are individuals or legal entities, the status of USERS, [&hellip;]","og_url":"https:\/\/residenciapuertanueva.com\/en\/legal-notice\/","og_site_name":"Puertanueva","article_publisher":"https:\/\/www.facebook.com\/ResidenciaUniversitariaPuertaNueva","article_modified_time":"2018-04-06T10:55:50+00:00","og_image":[{"url":"http:\/\/residenciapuertanueva.com\/wp-content\/uploads\/2018\/02\/logo-iso-abajo.jpg","type":"","width":"","height":""}],"twitter_card":"summary_large_image","twitter_misc":{"Est. reading time":"6 minutes"},"schema":{"@context":"https:\/\/schema.org","@graph":[{"@type":"WebPage","@id":"https:\/\/residenciapuertanueva.com\/en\/legal-notice\/","url":"https:\/\/residenciapuertanueva.com\/en\/legal-notice\/","name":"Legal notice - Puertanueva","isPartOf":{"@id":"https:\/\/residenciapuertanueva.com\/#website"},"primaryImageOfPage":{"@id":"https:\/\/residenciapuertanueva.com\/en\/legal-notice\/#primaryimage"},"image":{"@id":"https:\/\/residenciapuertanueva.com\/en\/legal-notice\/#primaryimage"},"thumbnailUrl":"http:\/\/residenciapuertanueva.com\/wp-content\/uploads\/2018\/02\/logo-iso-abajo.jpg","datePublished":"2018-03-05T15:39:51+00:00","dateModified":"2018-04-06T10:55:50+00:00","breadcrumb":{"@id":"https:\/\/residenciapuertanueva.com\/en\/legal-notice\/#breadcrumb"},"inLanguage":"en-US","potentialAction":[{"@type":"ReadAction","target":["https:\/\/residenciapuertanueva.com\/en\/legal-notice\/"]}]},{"@type":"ImageObject","inLanguage":"en-US","@id":"https:\/\/residenciapuertanueva.com\/en\/legal-notice\/#primaryimage","url":"http:\/\/residenciapuertanueva.com\/wp-content\/uploads\/2018\/02\/logo-iso-abajo.jpg","contentUrl":"http:\/\/residenciapuertanueva.com\/wp-content\/uploads\/2018\/02\/logo-iso-abajo.jpg"},{"@type":"BreadcrumbList","@id":"https:\/\/residenciapuertanueva.com\/en\/legal-notice\/#breadcrumb","itemListElement":[{"@type":"ListItem","position":1,"name":"Portada","item":"https:\/\/residenciapuertanueva.com\/"},{"@type":"ListItem","position":2,"name":"Legal notice"}]},{"@type":"WebSite","@id":"https:\/\/residenciapuertanueva.com\/#website","url":"https:\/\/residenciapuertanueva.com\/","name":"Puertanueva Residencia Universitaria C\u00f3rdoba","description":"Residencia Universitaria en C\u00f3rdoba. La residencia de estudiantes en C\u00f3rdoba por exelencia. Tu pr\u00f3ximo hogar de estudio en C\u00f3rdoba.","publisher":{"@id":"https:\/\/residenciapuertanueva.com\/#organization"},"alternateName":"Residencia estudiantes C\u00f3rdoba Puertanueva","potentialAction":[{"@type":"SearchAction","target":{"@type":"EntryPoint","urlTemplate":"https:\/\/residenciapuertanueva.com\/?s={search_term_string}"},"query-input":{"@type":"PropertyValueSpecification","valueRequired":true,"valueName":"search_term_string"}}],"inLanguage":"en-US"},{"@type":"Organization","@id":"https:\/\/residenciapuertanueva.com\/#organization","name":"Puertanueva Residencia Universitaria C\u00f3rdoba","url":"https:\/\/residenciapuertanueva.com\/","logo":{"@type":"ImageObject","inLanguage":"en-US","@id":"https:\/\/residenciapuertanueva.com\/#\/schema\/logo\/image\/","url":"https:\/\/residenciapuertanueva.com\/wp-content\/uploads\/2023\/07\/2023-07-20-a-las-1.23.01.png","contentUrl":"https:\/\/residenciapuertanueva.com\/wp-content\/uploads\/2023\/07\/2023-07-20-a-las-1.23.01.png","width":311,"height":93,"caption":"Puertanueva Residencia Universitaria C\u00f3rdoba"},"image":{"@id":"https:\/\/residenciapuertanueva.com\/#\/schema\/logo\/image\/"},"sameAs":["https:\/\/www.facebook.com\/ResidenciaUniversitariaPuertaNueva","https:\/\/www.instagram.com\/residenciapuertanueva\/","https:\/\/youtube.com\/@PuertanuevaResidencia","https:\/\/www.linkedin.com\/company\/residencia-universitaria-puertanueva\/"]}]}},"_links":{"self":[{"href":"https:\/\/residenciapuertanueva.com\/en\/wp-json\/wp\/v2\/pages\/564","targetHints":{"allow":["GET"]}}],"collection":[{"href":"https:\/\/residenciapuertanueva.com\/en\/wp-json\/wp\/v2\/pages"}],"about":[{"href":"https:\/\/residenciapuertanueva.com\/en\/wp-json\/wp\/v2\/types\/page"}],"author":[{"embeddable":true,"href":"https:\/\/residenciapuertanueva.com\/en\/wp-json\/wp\/v2\/users\/1"}],"replies":[{"embeddable":true,"href":"https:\/\/residenciapuertanueva.com\/en\/wp-json\/wp\/v2\/comments?post=564"}],"version-history":[{"count":2,"href":"https:\/\/residenciapuertanueva.com\/en\/wp-json\/wp\/v2\/pages\/564\/revisions"}],"predecessor-version":[{"id":566,"href":"https:\/\/residenciapuertanueva.com\/en\/wp-json\/wp\/v2\/pages\/564\/revisions\/566"}],"wp:attachment":[{"href":"https:\/\/residenciapuertanueva.com\/en\/wp-json\/wp\/v2\/media?parent=564"}],"curies":[{"name":"wp","href":"https:\/\/api.w.org\/{rel}","templated":true}]}}