{"id":511,"date":"2018-04-04T15:23:18","date_gmt":"2018-04-04T15:23:18","guid":{"rendered":"http:\/\/residenciapuertanueva.com\/?page_id=511"},"modified":"2023-09-27T21:49:41","modified_gmt":"2023-09-27T19:49:41","slug":"about-us","status":"publish","type":"page","link":"https:\/\/residenciapuertanueva.com\/en\/about-us\/","title":{"rendered":"About us"},"content":{"rendered":"\t\t<div data-elementor-type=\"wp-page\" data-elementor-id=\"511\" class=\"elementor elementor-511 elementor-11\" data-elementor-post-type=\"page\">\n\t\t\t\t\t\t<section class=\"elementor-section elementor-top-section elementor-element elementor-element-6e5f941 elementor-section-boxed elementor-section-height-default elementor-section-height-default\" data-id=\"6e5f941\" data-element_type=\"section\" data-e-type=\"section\" data-settings=\"{&quot;background_background&quot;:&quot;classic&quot;}\">\n\t\t\t\t\t\t<div class=\"elementor-container elementor-column-gap-default\">\n\t\t\t\t\t<div class=\"elementor-column elementor-col-100 elementor-top-column elementor-element elementor-element-bae7e74\" data-id=\"bae7e74\" data-element_type=\"column\" data-e-type=\"column\">\n\t\t\t<div class=\"elementor-widget-wrap elementor-element-populated\">\n\t\t\t\t\t\t<div class=\"elementor-element elementor-element-98c57c9 elementor-widget elementor-widget-spacer\" data-id=\"98c57c9\" data-element_type=\"widget\" data-e-type=\"widget\" data-widget_type=\"spacer.default\">\n\t\t\t\t<div class=\"elementor-widget-container\">\n\t\t\t\t\t\t\t<div class=\"elementor-spacer\">\n\t\t\t<div class=\"elementor-spacer-inner\"><\/div>\n\t\t<\/div>\n\t\t\t\t\t\t<\/div>\n\t\t\t\t<\/div>\n\t\t\t\t\t<\/div>\n\t\t<\/div>\n\t\t\t\t\t<\/div>\n\t\t<\/section>\n\t\t\t\t<section class=\"elementor-section elementor-top-section elementor-element elementor-element-b141529 elementor-section-full_width elementor-section-height-default elementor-section-height-default\" data-id=\"b141529\" data-element_type=\"section\" data-e-type=\"section\" data-settings=\"{&quot;background_background&quot;:&quot;classic&quot;}\">\n\t\t\t\t\t\t<div class=\"elementor-container elementor-column-gap-no\">\n\t\t\t\t\t<div class=\"elementor-column elementor-col-50 elementor-top-column elementor-element elementor-element-668d6eb\" data-id=\"668d6eb\" data-element_type=\"column\" data-e-type=\"column\" data-settings=\"{&quot;background_background&quot;:&quot;classic&quot;}\">\n\t\t\t<div class=\"elementor-widget-wrap elementor-element-populated\">\n\t\t\t\t\t\t<div class=\"elementor-element elementor-element-68dc4a2 elementor-widget elementor-widget-heading\" data-id=\"68dc4a2\" data-element_type=\"widget\" data-e-type=\"widget\" data-widget_type=\"heading.default\">\n\t\t\t\t<div class=\"elementor-widget-container\">\n\t\t\t\t\t<h2 class=\"elementor-heading-title elementor-size-default\">A University Experience<\/h2>\t\t\t\t<\/div>\n\t\t\t\t<\/div>\n\t\t\t\t<div class=\"elementor-element elementor-element-bf99410 elementor-widget elementor-widget-text-editor\" data-id=\"bf99410\" data-element_type=\"widget\" data-e-type=\"widget\" data-widget_type=\"text-editor.default\">\n\t\t\t\t<div class=\"elementor-widget-container\">\n\t\t\t\t\t\t\t\t\t<div class=\"fl-module fl-module-rich-text fl-node-5a9456e5401b8 blanco2\" data-node=\"5a9456e5401b8\"><div class=\"fl-module-content fl-node-content\"><div class=\"fl-rich-text\"><div class=\"fl-module fl-module-rich-text fl-node-5a968e9caba4b negro2\" data-node=\"5a968e9caba4b\"><div class=\"fl-module-content fl-node-content\"><div class=\"fl-rich-text\"><div class=\"fl-module fl-module-rich-text fl-node-5a968e9caba4b negro2\" data-node=\"5a968e9caba4b\"><div class=\"fl-module-content fl-node-content\"><div class=\"fl-rich-text\"><p>Puertanueva is a mixed university residence affiliated with the University of C\u00f3rdoba. It opened in 1982 and since then has welcomed over 1,500 residents.<\/p><p><strong>It offers you everything that you need to grow as a person, develop your talents and get the most out of your time at the university.<\/strong><\/p><\/div><\/div><\/div><\/div><\/div><\/div><\/div><\/div><\/div>\t\t\t\t\t\t\t\t<\/div>\n\t\t\t\t<\/div>\n\t\t\t\t\t<\/div>\n\t\t<\/div>\n\t\t\t\t<div class=\"elementor-column elementor-col-50 elementor-top-column elementor-element elementor-element-907b120\" data-id=\"907b120\" data-element_type=\"column\" data-e-type=\"column\" data-settings=\"{&quot;background_background&quot;:&quot;classic&quot;}\">\n\t\t\t<div class=\"elementor-widget-wrap elementor-element-populated\">\n\t\t\t\t\t\t<div class=\"elementor-element elementor-element-2bf2a18 elementor-widget elementor-widget-spacer\" data-id=\"2bf2a18\" data-element_type=\"widget\" data-e-type=\"widget\" data-widget_type=\"spacer.default\">\n\t\t\t\t<div class=\"elementor-widget-container\">\n\t\t\t\t\t\t\t<div class=\"elementor-spacer\">\n\t\t\t<div class=\"elementor-spacer-inner\"><\/div>\n\t\t<\/div>\n\t\t\t\t\t\t<\/div>\n\t\t\t\t<\/div>\n\t\t\t\t\t<\/div>\n\t\t<\/div>\n\t\t\t\t\t<\/div>\n\t\t<\/section>\n\t\t\t\t<section class=\"elementor-section elementor-top-section elementor-element elementor-element-f51542d elementor-section-full_width elementor-section-height-default elementor-section-height-default\" data-id=\"f51542d\" data-element_type=\"section\" data-e-type=\"section\" data-settings=\"{&quot;background_background&quot;:&quot;classic&quot;}\">\n\t\t\t\t\t\t<div class=\"elementor-container elementor-column-gap-no\">\n\t\t\t\t\t<div class=\"elementor-column elementor-col-50 elementor-top-column elementor-element elementor-element-88bf8e4\" data-id=\"88bf8e4\" data-element_type=\"column\" data-e-type=\"column\" data-settings=\"{&quot;background_background&quot;:&quot;classic&quot;}\">\n\t\t\t<div class=\"elementor-widget-wrap elementor-element-populated\">\n\t\t\t\t\t\t<div class=\"elementor-element elementor-element-29c14d4 elementor-widget elementor-widget-spacer\" data-id=\"29c14d4\" data-element_type=\"widget\" data-e-type=\"widget\" data-widget_type=\"spacer.default\">\n\t\t\t\t<div class=\"elementor-widget-container\">\n\t\t\t\t\t\t\t<div class=\"elementor-spacer\">\n\t\t\t<div class=\"elementor-spacer-inner\"><\/div>\n\t\t<\/div>\n\t\t\t\t\t\t<\/div>\n\t\t\t\t<\/div>\n\t\t\t\t\t<\/div>\n\t\t<\/div>\n\t\t\t\t<div class=\"elementor-column elementor-col-50 elementor-top-column elementor-element elementor-element-c97cd1c\" data-id=\"c97cd1c\" data-element_type=\"column\" data-e-type=\"column\" data-settings=\"{&quot;background_background&quot;:&quot;classic&quot;}\">\n\t\t\t<div class=\"elementor-widget-wrap elementor-element-populated\">\n\t\t\t\t\t\t<div class=\"elementor-element elementor-element-205e9dc elementor-widget elementor-widget-heading\" data-id=\"205e9dc\" data-element_type=\"widget\" data-e-type=\"widget\" data-widget_type=\"heading.default\">\n\t\t\t\t<div class=\"elementor-widget-container\">\n\t\t\t\t\t<h2 class=\"elementor-heading-title elementor-size-default\"> A place for creating memories \nand making dreams come true<\/h2>\t\t\t\t<\/div>\n\t\t\t\t<\/div>\n\t\t\t\t<div class=\"elementor-element elementor-element-4de02ba elementor-widget elementor-widget-text-editor\" data-id=\"4de02ba\" data-element_type=\"widget\" data-e-type=\"widget\" data-widget_type=\"text-editor.default\">\n\t\t\t\t<div class=\"elementor-widget-container\">\n\t\t\t\t\t\t\t\t\t<div class=\"fl-module fl-module-rich-text fl-node-5a9456e5401b8 blanco2\" data-node=\"5a9456e5401b8\"><div class=\"fl-module-content fl-node-content\"><div class=\"fl-rich-text\"><div class=\"fl-module fl-module-rich-text fl-node-5a96900c92b9c blanco2\" data-node=\"5a96900c92b9c\"><div class=\"fl-module-content fl-node-content\"><div class=\"fl-rich-text\"><p>Puertanueva is a <strong>mixed University Residence<\/strong> affiliated with the <strong>University of Cordoba<\/strong>, with completely renovated facilities built on the solid foundation that has always held up our great commitment to quality.<\/p><p><strong>Mission: <\/strong><\/p><p>Beyond offering the great accommodation, Puertanueva provides <strong>a privileged place to live the university experience<\/strong>, in an environment of excellence that favours all aspects of education (personal, academic and professional) for each resident.<\/p><strong>Values:<\/strong><ul><li>A search for <strong>personal excellence<\/strong> in all aspects.<\/li><li>To help <strong>educate<\/strong> responsible, committed, active, critically-minded, creative, generous, consistent individuals with a spirit of service and solidarity.<\/li><li>To favour <strong>academic development <\/strong>with a view to professional recruitment.<\/li><li>To live up to a consistent commitment to service to society.<\/li><li>To help <strong>open up our residents to the world<\/strong> through our international scope.<\/li><li>To promote a welcoming atmosphere that incentivises interpersonal relationships, meaningful coexistence and teamwork.<\/li><li>\u00a0<\/li><\/ul><\/div><\/div><\/div><\/div><\/div><\/div>\t\t\t\t\t\t\t\t<\/div>\n\t\t\t\t<\/div>\n\t\t\t\t\t<\/div>\n\t\t<\/div>\n\t\t\t\t\t<\/div>\n\t\t<\/section>\n\t\t\t\t<section class=\"elementor-section elementor-top-section elementor-element elementor-element-86944d3 elementor-section-full_width elementor-section-height-default elementor-section-height-default\" data-id=\"86944d3\" data-element_type=\"section\" data-e-type=\"section\" data-settings=\"{&quot;background_background&quot;:&quot;classic&quot;}\">\n\t\t\t\t\t\t<div class=\"elementor-container elementor-column-gap-no\">\n\t\t\t\t\t<div class=\"elementor-column elementor-col-50 elementor-top-column elementor-element elementor-element-f9e5b6a\" data-id=\"f9e5b6a\" data-element_type=\"column\" data-e-type=\"column\" data-settings=\"{&quot;background_background&quot;:&quot;classic&quot;}\">\n\t\t\t<div class=\"elementor-widget-wrap elementor-element-populated\">\n\t\t\t\t\t\t<div class=\"elementor-element elementor-element-0dc524d elementor-widget elementor-widget-heading\" data-id=\"0dc524d\" data-element_type=\"widget\" data-e-type=\"widget\" data-widget_type=\"heading.default\">\n\t\t\t\t<div class=\"elementor-widget-container\">\n\t\t\t\t\t<h2 class=\"elementor-heading-title elementor-size-default\"> The residence is associated with the University.<\/h2>\t\t\t\t<\/div>\n\t\t\t\t<\/div>\n\t\t\t\t<div class=\"elementor-element elementor-element-cc10d09 elementor-widget elementor-widget-text-editor\" data-id=\"cc10d09\" data-element_type=\"widget\" data-e-type=\"widget\" data-widget_type=\"text-editor.default\">\n\t\t\t\t<div class=\"elementor-widget-container\">\n\t\t\t\t\t\t\t\t\t<div class=\"fl-module fl-module-rich-text fl-node-5a9456e5401b8 blanco2\" data-node=\"5a9456e5401b8\"><div class=\"fl-module-content fl-node-content\"><div class=\"fl-rich-text\"><div class=\"fl-module fl-module-rich-text fl-node-5a968e9caba4b negro2\" data-node=\"5a968e9caba4b\"><div class=\"fl-module-content fl-node-content\"><div class=\"fl-rich-text\"><div class=\"fl-module fl-module-rich-text fl-node-5a96919ecea6d negro2\" data-node=\"5a96919ecea6d\"><div class=\"fl-module-content fl-node-content\"><div class=\"fl-rich-text\"><p>We encourage our residents to participate in university life and its own programmes and activities, by fostering interaction between the teaching staff and students, initiatives and teamwork.<\/p><p>We also take part in the city\u2019s cultural, social and sporting events.<\/p><\/div><\/div><\/div><\/div><\/div><\/div><\/div><\/div><\/div>\t\t\t\t\t\t\t\t<\/div>\n\t\t\t\t<\/div>\n\t\t\t\t\t<\/div>\n\t\t<\/div>\n\t\t\t\t<div class=\"elementor-column elementor-col-50 elementor-top-column elementor-element elementor-element-e4a38df\" data-id=\"e4a38df\" data-element_type=\"column\" data-e-type=\"column\" data-settings=\"{&quot;background_background&quot;:&quot;classic&quot;}\">\n\t\t\t<div class=\"elementor-widget-wrap elementor-element-populated\">\n\t\t\t\t\t\t<div class=\"elementor-element elementor-element-e2bda2d elementor-widget elementor-widget-spacer\" data-id=\"e2bda2d\" data-element_type=\"widget\" data-e-type=\"widget\" data-widget_type=\"spacer.default\">\n\t\t\t\t<div class=\"elementor-widget-container\">\n\t\t\t\t\t\t\t<div class=\"elementor-spacer\">\n\t\t\t<div class=\"elementor-spacer-inner\"><\/div>\n\t\t<\/div>\n\t\t\t\t\t\t<\/div>\n\t\t\t\t<\/div>\n\t\t\t\t\t<\/div>\n\t\t<\/div>\n\t\t\t\t\t<\/div>\n\t\t<\/section>\n\t\t\t\t<section class=\"elementor-section elementor-top-section elementor-element elementor-element-cc57ec5 elementor-section-full_width elementor-section-height-default elementor-section-height-default\" data-id=\"cc57ec5\" data-element_type=\"section\" data-e-type=\"section\" data-settings=\"{&quot;background_background&quot;:&quot;classic&quot;}\">\n\t\t\t\t\t\t<div class=\"elementor-container elementor-column-gap-no\">\n\t\t\t\t\t<div class=\"elementor-column elementor-col-33 elementor-top-column elementor-element elementor-element-43b1442\" data-id=\"43b1442\" data-element_type=\"column\" data-e-type=\"column\">\n\t\t\t<div class=\"elementor-widget-wrap\">\n\t\t\t\t\t\t\t<\/div>\n\t\t<\/div>\n\t\t\t\t<div class=\"elementor-column elementor-col-33 elementor-top-column elementor-element elementor-element-d21d0db\" data-id=\"d21d0db\" data-element_type=\"column\" data-e-type=\"column\">\n\t\t\t<div class=\"elementor-widget-wrap elementor-element-populated\">\n\t\t\t\t\t\t<div class=\"elementor-element elementor-element-6188a9f elementor-widget elementor-widget-image\" data-id=\"6188a9f\" data-element_type=\"widget\" data-e-type=\"widget\" data-widget_type=\"image.default\">\n\t\t\t\t<div class=\"elementor-widget-container\">\n\t\t\t\t\t\t\t\t\t\t\t\t\t\t\t<img decoding=\"async\" src=\"https:\/\/residenciapuertanueva.com\/wp-content\/uploads\/2018\/04\/since-1982.png\" title=\"\" alt=\"\" loading=\"lazy\" \/>\t\t\t\t\t\t\t\t\t\t\t\t\t\t\t<\/div>\n\t\t\t\t<\/div>\n\t\t\t\t<div class=\"elementor-element elementor-element-f4c93b3 elementor-widget elementor-widget-image\" data-id=\"f4c93b3\" data-element_type=\"widget\" data-e-type=\"widget\" data-widget_type=\"image.default\">\n\t\t\t\t<div class=\"elementor-widget-container\">\n\t\t\t\t\t\t\t\t\t\t\t\t\t\t\t<img decoding=\"async\" src=\"https:\/\/residenciapuertanueva.com\/wp-content\/uploads\/2018\/02\/logo-white.png\" title=\"\" alt=\"\" loading=\"lazy\" \/>\t\t\t\t\t\t\t\t\t\t\t\t\t\t\t<\/div>\n\t\t\t\t<\/div>\n\t\t\t\t<div class=\"elementor-element elementor-element-94fadfc elementor-widget elementor-widget-text-editor\" data-id=\"94fadfc\" data-element_type=\"widget\" data-e-type=\"widget\" data-widget_type=\"text-editor.default\">\n\t\t\t\t<div class=\"elementor-widget-container\">\n\t\t\t\t\t\t\t\t\t<p><strong><span style=\"color: #ffffff;\">Traves\u00eda de Barrionuevo 5<\/span><br \/><span style=\"color: #ffffff;\">14002 &#8211; C\u00f3rdoba. Espa\u00f1a<\/span><br \/><span style=\"color: #ffffff;\">Tlf.: +34 957 25 72 71<\/span><br \/><a href=\"mailto:info@residenciapuertanueva.com\"><span style=\"color: #ffffff;\">info@residenciapuertanueva.com<\/span><\/a><\/strong><\/p>\n\t\t\t\t\t\t\t\t<\/div>\n\t\t\t\t<\/div>\n\t\t\t\t\t<\/div>\n\t\t<\/div>\n\t\t\t\t<div class=\"elementor-column elementor-col-33 elementor-top-column elementor-element elementor-element-bdb9ac4\" data-id=\"bdb9ac4\" data-element_type=\"column\" data-e-type=\"column\">\n\t\t\t<div class=\"elementor-widget-wrap elementor-element-populated\">\n\t\t\t\t\t\t<div class=\"elementor-element elementor-element-3feb9f4 elementor-widget elementor-widget-google_maps\" data-id=\"3feb9f4\" data-element_type=\"widget\" data-e-type=\"widget\" data-widget_type=\"google_maps.default\">\n\t\t\t\t<div class=\"elementor-widget-container\">\n\t\t\t\t\t\t\t<div class=\"elementor-custom-embed\">\n\t\t\t<iframe loading=\"lazy\"\n\t\t\t\t\tsrc=\"https:\/\/maps.google.com\/maps?q=Tr.%C2%AA%20Barrionuevo%2C%205%2C%2014002%20C%C3%B3rdoba&#038;t=m&#038;z=16&#038;output=embed&#038;iwloc=near\"\n\t\t\t\t\ttitle=\"Tr.\u00aa Barrionuevo, 5, 14002 C\u00f3rdoba\"\n\t\t\t\t\taria-label=\"Tr.\u00aa Barrionuevo, 5, 14002 C\u00f3rdoba\"\n\t\t\t><\/iframe>\n\t\t<\/div>\n\t\t\t\t\t\t<\/div>\n\t\t\t\t<\/div>\n\t\t\t\t\t<\/div>\n\t\t<\/div>\n\t\t\t\t\t<\/div>\n\t\t<\/section>\n\t\t\t\t<\/div>\n\t\t","protected":false},"excerpt":{"rendered":"<p>A University Experience Puertanueva is a mixed university residence affiliated with the University of C\u00f3rdoba. It opened in 1982 and since then has welcomed over 1,500 residents. It offers you everything that you need to grow as a person, develop your talents and get the most out of your time at the university. A place [&hellip;]<\/p>\n","protected":false},"author":1,"featured_media":4079,"parent":0,"menu_order":10,"comment_status":"closed","ping_status":"closed","template":"","meta":{"footnotes":""},"class_list":["post-511","page","type-page","status-publish","has-post-thumbnail","hentry","floatton-article"],"yoast_head":"<!-- This site is optimized with the Yoast SEO plugin v27.3 - https:\/\/yoast.com\/product\/yoast-seo-wordpress\/ -->\n<title>About us - Puertanueva<\/title>\n<meta name=\"robots\" content=\"index, follow, max-snippet:-1, max-image-preview:large, max-video-preview:-1\" \/>\n<link rel=\"canonical\" href=\"https:\/\/residenciapuertanueva.com\/conocenos\/\" \/>\n<meta property=\"og:locale\" content=\"en_US\" \/>\n<meta property=\"og:type\" content=\"article\" \/>\n<meta property=\"og:title\" content=\"About us - Puertanueva\" \/>\n<meta property=\"og:description\" content=\"A University Experience Puertanueva is a mixed university residence affiliated with the University of C\u00f3rdoba. It opened in 1982 and since then has welcomed over 1,500 residents. It offers you everything that you need to grow as a person, develop your talents and get the most out of your time at the university. A place [&hellip;]\" \/>\n<meta property=\"og:url\" content=\"https:\/\/residenciapuertanueva.com\/conocenos\/\" \/>\n<meta property=\"og:site_name\" content=\"Puertanueva\" \/>\n<meta property=\"article:publisher\" content=\"https:\/\/www.facebook.com\/ResidenciaUniversitariaPuertaNueva\" \/>\n<meta property=\"article:modified_time\" content=\"2023-09-27T19:49:41+00:00\" \/>\n<meta property=\"og:image\" content=\"https:\/\/residenciapuertanueva.com\/wp-content\/uploads\/2018\/04\/since-1982.png\" \/>\n<meta name=\"twitter:card\" content=\"summary_large_image\" \/>\n<meta name=\"twitter:label1\" content=\"Est. reading time\" \/>\n\t<meta name=\"twitter:data1\" content=\"2 minutes\" \/>\n<script type=\"application\/ld+json\" class=\"yoast-schema-graph\">{\"@context\":\"https:\\\/\\\/schema.org\",\"@graph\":[{\"@type\":\"WebPage\",\"@id\":\"https:\\\/\\\/residenciapuertanueva.com\\\/conocenos\\\/\",\"url\":\"https:\\\/\\\/residenciapuertanueva.com\\\/conocenos\\\/\",\"name\":\"About us - Puertanueva\",\"isPartOf\":{\"@id\":\"https:\\\/\\\/residenciapuertanueva.com\\\/#website\"},\"primaryImageOfPage\":{\"@id\":\"https:\\\/\\\/residenciapuertanueva.com\\\/conocenos\\\/#primaryimage\"},\"image\":{\"@id\":\"https:\\\/\\\/residenciapuertanueva.com\\\/conocenos\\\/#primaryimage\"},\"thumbnailUrl\":\"https:\\\/\\\/residenciapuertanueva.com\\\/wp-content\\\/uploads\\\/2024\\\/01\\\/pexels-pixabay-271639-2.jpg\",\"datePublished\":\"2018-04-04T15:23:18+00:00\",\"dateModified\":\"2023-09-27T19:49:41+00:00\",\"breadcrumb\":{\"@id\":\"https:\\\/\\\/residenciapuertanueva.com\\\/conocenos\\\/#breadcrumb\"},\"inLanguage\":\"en-US\",\"potentialAction\":[{\"@type\":\"ReadAction\",\"target\":[\"https:\\\/\\\/residenciapuertanueva.com\\\/conocenos\\\/\"]}]},{\"@type\":\"ImageObject\",\"inLanguage\":\"en-US\",\"@id\":\"https:\\\/\\\/residenciapuertanueva.com\\\/conocenos\\\/#primaryimage\",\"url\":\"https:\\\/\\\/residenciapuertanueva.com\\\/wp-content\\\/uploads\\\/2024\\\/01\\\/pexels-pixabay-271639-2.jpg\",\"contentUrl\":\"https:\\\/\\\/residenciapuertanueva.com\\\/wp-content\\\/uploads\\\/2024\\\/01\\\/pexels-pixabay-271639-2.jpg\",\"width\":1920,\"height\":1344},{\"@type\":\"BreadcrumbList\",\"@id\":\"https:\\\/\\\/residenciapuertanueva.com\\\/conocenos\\\/#breadcrumb\",\"itemListElement\":[{\"@type\":\"ListItem\",\"position\":1,\"name\":\"Portada\",\"item\":\"https:\\\/\\\/residenciapuertanueva.com\\\/\"},{\"@type\":\"ListItem\",\"position\":2,\"name\":\"About us\"}]},{\"@type\":\"WebSite\",\"@id\":\"https:\\\/\\\/residenciapuertanueva.com\\\/#website\",\"url\":\"https:\\\/\\\/residenciapuertanueva.com\\\/\",\"name\":\"Puertanueva Residencia Universitaria C\u00f3rdoba\",\"description\":\"Residencia Universitaria en C\u00f3rdoba. La residencia de estudiantes en C\u00f3rdoba por exelencia. Tu pr\u00f3ximo hogar de estudio en C\u00f3rdoba.\",\"publisher\":{\"@id\":\"https:\\\/\\\/residenciapuertanueva.com\\\/#organization\"},\"alternateName\":\"Residencia estudiantes C\u00f3rdoba Puertanueva\",\"potentialAction\":[{\"@type\":\"SearchAction\",\"target\":{\"@type\":\"EntryPoint\",\"urlTemplate\":\"https:\\\/\\\/residenciapuertanueva.com\\\/?s={search_term_string}\"},\"query-input\":{\"@type\":\"PropertyValueSpecification\",\"valueRequired\":true,\"valueName\":\"search_term_string\"}}],\"inLanguage\":\"en-US\"},{\"@type\":\"Organization\",\"@id\":\"https:\\\/\\\/residenciapuertanueva.com\\\/#organization\",\"name\":\"Puertanueva Residencia Universitaria C\u00f3rdoba\",\"url\":\"https:\\\/\\\/residenciapuertanueva.com\\\/\",\"logo\":{\"@type\":\"ImageObject\",\"inLanguage\":\"en-US\",\"@id\":\"https:\\\/\\\/residenciapuertanueva.com\\\/#\\\/schema\\\/logo\\\/image\\\/\",\"url\":\"https:\\\/\\\/residenciapuertanueva.com\\\/wp-content\\\/uploads\\\/2023\\\/07\\\/2023-07-20-a-las-1.23.01.png\",\"contentUrl\":\"https:\\\/\\\/residenciapuertanueva.com\\\/wp-content\\\/uploads\\\/2023\\\/07\\\/2023-07-20-a-las-1.23.01.png\",\"width\":311,\"height\":93,\"caption\":\"Puertanueva Residencia Universitaria C\u00f3rdoba\"},\"image\":{\"@id\":\"https:\\\/\\\/residenciapuertanueva.com\\\/#\\\/schema\\\/logo\\\/image\\\/\"},\"sameAs\":[\"https:\\\/\\\/www.facebook.com\\\/ResidenciaUniversitariaPuertaNueva\",\"https:\\\/\\\/www.instagram.com\\\/residenciapuertanueva\\\/\",\"https:\\\/\\\/youtube.com\\\/@PuertanuevaResidencia\",\"https:\\\/\\\/www.linkedin.com\\\/company\\\/residencia-universitaria-puertanueva\\\/\"]}]}<\/script>\n<!-- \/ Yoast SEO plugin. -->","yoast_head_json":{"title":"About us - Puertanueva","robots":{"index":"index","follow":"follow","max-snippet":"max-snippet:-1","max-image-preview":"max-image-preview:large","max-video-preview":"max-video-preview:-1"},"canonical":"https:\/\/residenciapuertanueva.com\/conocenos\/","og_locale":"en_US","og_type":"article","og_title":"About us - Puertanueva","og_description":"A University Experience Puertanueva is a mixed university residence affiliated with the University of C\u00f3rdoba. It opened in 1982 and since then has welcomed over 1,500 residents. It offers you everything that you need to grow as a person, develop your talents and get the most out of your time at the university. A place [&hellip;]","og_url":"https:\/\/residenciapuertanueva.com\/conocenos\/","og_site_name":"Puertanueva","article_publisher":"https:\/\/www.facebook.com\/ResidenciaUniversitariaPuertaNueva","article_modified_time":"2023-09-27T19:49:41+00:00","og_image":[{"url":"https:\/\/residenciapuertanueva.com\/wp-content\/uploads\/2018\/04\/since-1982.png","type":"","width":"","height":""}],"twitter_card":"summary_large_image","twitter_misc":{"Est. reading time":"2 minutes"},"schema":{"@context":"https:\/\/schema.org","@graph":[{"@type":"WebPage","@id":"https:\/\/residenciapuertanueva.com\/conocenos\/","url":"https:\/\/residenciapuertanueva.com\/conocenos\/","name":"About us - Puertanueva","isPartOf":{"@id":"https:\/\/residenciapuertanueva.com\/#website"},"primaryImageOfPage":{"@id":"https:\/\/residenciapuertanueva.com\/conocenos\/#primaryimage"},"image":{"@id":"https:\/\/residenciapuertanueva.com\/conocenos\/#primaryimage"},"thumbnailUrl":"https:\/\/residenciapuertanueva.com\/wp-content\/uploads\/2024\/01\/pexels-pixabay-271639-2.jpg","datePublished":"2018-04-04T15:23:18+00:00","dateModified":"2023-09-27T19:49:41+00:00","breadcrumb":{"@id":"https:\/\/residenciapuertanueva.com\/conocenos\/#breadcrumb"},"inLanguage":"en-US","potentialAction":[{"@type":"ReadAction","target":["https:\/\/residenciapuertanueva.com\/conocenos\/"]}]},{"@type":"ImageObject","inLanguage":"en-US","@id":"https:\/\/residenciapuertanueva.com\/conocenos\/#primaryimage","url":"https:\/\/residenciapuertanueva.com\/wp-content\/uploads\/2024\/01\/pexels-pixabay-271639-2.jpg","contentUrl":"https:\/\/residenciapuertanueva.com\/wp-content\/uploads\/2024\/01\/pexels-pixabay-271639-2.jpg","width":1920,"height":1344},{"@type":"BreadcrumbList","@id":"https:\/\/residenciapuertanueva.com\/conocenos\/#breadcrumb","itemListElement":[{"@type":"ListItem","position":1,"name":"Portada","item":"https:\/\/residenciapuertanueva.com\/"},{"@type":"ListItem","position":2,"name":"About us"}]},{"@type":"WebSite","@id":"https:\/\/residenciapuertanueva.com\/#website","url":"https:\/\/residenciapuertanueva.com\/","name":"Puertanueva Residencia Universitaria C\u00f3rdoba","description":"Residencia Universitaria en C\u00f3rdoba. La residencia de estudiantes en C\u00f3rdoba por exelencia. Tu pr\u00f3ximo hogar de estudio en C\u00f3rdoba.","publisher":{"@id":"https:\/\/residenciapuertanueva.com\/#organization"},"alternateName":"Residencia estudiantes C\u00f3rdoba Puertanueva","potentialAction":[{"@type":"SearchAction","target":{"@type":"EntryPoint","urlTemplate":"https:\/\/residenciapuertanueva.com\/?s={search_term_string}"},"query-input":{"@type":"PropertyValueSpecification","valueRequired":true,"valueName":"search_term_string"}}],"inLanguage":"en-US"},{"@type":"Organization","@id":"https:\/\/residenciapuertanueva.com\/#organization","name":"Puertanueva Residencia Universitaria C\u00f3rdoba","url":"https:\/\/residenciapuertanueva.com\/","logo":{"@type":"ImageObject","inLanguage":"en-US","@id":"https:\/\/residenciapuertanueva.com\/#\/schema\/logo\/image\/","url":"https:\/\/residenciapuertanueva.com\/wp-content\/uploads\/2023\/07\/2023-07-20-a-las-1.23.01.png","contentUrl":"https:\/\/residenciapuertanueva.com\/wp-content\/uploads\/2023\/07\/2023-07-20-a-las-1.23.01.png","width":311,"height":93,"caption":"Puertanueva Residencia Universitaria C\u00f3rdoba"},"image":{"@id":"https:\/\/residenciapuertanueva.com\/#\/schema\/logo\/image\/"},"sameAs":["https:\/\/www.facebook.com\/ResidenciaUniversitariaPuertaNueva","https:\/\/www.instagram.com\/residenciapuertanueva\/","https:\/\/youtube.com\/@PuertanuevaResidencia","https:\/\/www.linkedin.com\/company\/residencia-universitaria-puertanueva\/"]}]}},"_links":{"self":[{"href":"https:\/\/residenciapuertanueva.com\/en\/wp-json\/wp\/v2\/pages\/511","targetHints":{"allow":["GET"]}}],"collection":[{"href":"https:\/\/residenciapuertanueva.com\/en\/wp-json\/wp\/v2\/pages"}],"about":[{"href":"https:\/\/residenciapuertanueva.com\/en\/wp-json\/wp\/v2\/types\/page"}],"author":[{"embeddable":true,"href":"https:\/\/residenciapuertanueva.com\/en\/wp-json\/wp\/v2\/users\/1"}],"replies":[{"embeddable":true,"href":"https:\/\/residenciapuertanueva.com\/en\/wp-json\/wp\/v2\/comments?post=511"}],"version-history":[{"count":16,"href":"https:\/\/residenciapuertanueva.com\/en\/wp-json\/wp\/v2\/pages\/511\/revisions"}],"predecessor-version":[{"id":3753,"href":"https:\/\/residenciapuertanueva.com\/en\/wp-json\/wp\/v2\/pages\/511\/revisions\/3753"}],"wp:featuredmedia":[{"embeddable":true,"href":"https:\/\/residenciapuertanueva.com\/en\/wp-json\/wp\/v2\/media\/4079"}],"wp:attachment":[{"href":"https:\/\/residenciapuertanueva.com\/en\/wp-json\/wp\/v2\/media?parent=511"}],"curies":[{"name":"wp","href":"https:\/\/api.w.org\/{rel}","templated":true}]}}